{"id":2416,"date":"2022-06-02T18:15:11","date_gmt":"2022-06-02T16:15:11","guid":{"rendered":"https:\/\/www.galeriebernardbouche.com\/?page_id=2416"},"modified":"2023-04-01T12:10:34","modified_gmt":"2023-04-01T10:10:34","slug":"artiste-marthe-wery","status":"publish","type":"page","link":"https:\/\/www.galeriebernardbouche.com\/en\/artiste-marthe-wery\/","title":{"rendered":"ARTISTE &#8211; MARTHE W\u00c9RY"},"content":{"rendered":"\t\t<div data-elementor-type=\"wp-post\" data-elementor-id=\"2416\" class=\"elementor elementor-2416\">\n\t\t\t\t\t\t<section class=\"elementor-section elementor-top-section elementor-element elementor-element-4d266d7 elementor-section-content-middle elementor-section-full_width elementor-section-height-min-height elementor-section-height-default elementor-section-items-middle wpr-particle-no wpr-jarallax-no wpr-parallax-no wpr-equal-height-no\" data-id=\"4d266d7\" data-element_type=\"section\" data-e-type=\"section\" data-settings=\"{&quot;background_background&quot;:&quot;classic&quot;,&quot;animation_tablet&quot;:&quot;fadeIn&quot;}\">\n\t\t\t\t\t\t<div class=\"elementor-container elementor-column-gap-default\">\n\t\t\t\t\t<div class=\"elementor-column elementor-col-50 elementor-top-column elementor-element elementor-element-3464e21\" data-id=\"3464e21\" data-element_type=\"column\" data-e-type=\"column\">\n\t\t\t<div class=\"elementor-widget-wrap elementor-element-populated\">\n\t\t\t\t\t\t<div class=\"elementor-element elementor-element-55f2e05 elementor-widget elementor-widget-heading\" data-id=\"55f2e05\" data-element_type=\"widget\" data-e-type=\"widget\" data-widget_type=\"heading.default\">\n\t\t\t\t<div class=\"elementor-widget-container\">\n\t\t\t\t\t<h3 class=\"elementor-heading-title elementor-size-small\"><a href=\"https:\/\/www.galeriebernardbouche.com\">GALERIE BERNARD BOUCHE<\/a><\/h3>\t\t\t\t<\/div>\n\t\t\t\t<\/div>\n\t\t\t\t\t<\/div>\n\t\t<\/div>\n\t\t\t\t<div class=\"elementor-column elementor-col-50 elementor-top-column elementor-element elementor-element-49fd045\" data-id=\"49fd045\" data-element_type=\"column\" data-e-type=\"column\" data-settings=\"{&quot;animation_mobile&quot;:&quot;fadeIn&quot;}\">\n\t\t\t<div class=\"elementor-widget-wrap elementor-element-populated\">\n\t\t\t\t\t\t<div class=\"elementor-element elementor-element-7dd228c elementor-widget elementor-widget-ekit-nav-menu\" data-id=\"7dd228c\" data-element_type=\"widget\" data-e-type=\"widget\" data-widget_type=\"ekit-nav-menu.default\">\n\t\t\t\t<div class=\"elementor-widget-container\">\n\t\t\t\t\t\t\t<nav class=\"ekit-wid-con ekit_menu_responsive_tablet\"\n\t\t\tdata-hamburger-icon=\"\"\n\t\t\tdata-hamburger-icon-type=\"icon\"\n\t\t\tdata-responsive-breakpoint=\"1024\">\n\t\t\t            <button class=\"elementskit-menu-hamburger elementskit-menu-toggler\"  type=\"button\" aria-label=\"hamburger-icon\">\n                                    <span class=\"elementskit-menu-hamburger-icon\"><\/span><span class=\"elementskit-menu-hamburger-icon\"><\/span><span class=\"elementskit-menu-hamburger-icon\"><\/span>\n                            <\/button>\n            <div id=\"ekit-megamenu-menu-principal\" class=\"elementskit-menu-container elementskit-menu-offcanvas-elements elementskit-navbar-nav-default ekit-nav-menu-one-page-yes ekit-nav-dropdown-hover\"><ul id=\"menu-menu-principal\" class=\"elementskit-navbar-nav elementskit-menu-po-right submenu-click-on-icon\"><li id=\"menu-item-71\" class=\"menu-item menu-item-type-custom menu-item-object-custom menu-item-has-children menu-item-71 nav-item elementskit-dropdown-has relative_position elementskit-dropdown-menu-default_width elementskit-mobile-builder-content\" data-vertical-menu=750px><a href=\"https:\/\/www.galeriebernardbouche.com\" class=\"ekit-menu-nav-link ekit-menu-dropdown-toggle\">Expositions<i aria-hidden=\"true\" class=\"icon icon-down-arrow1 elementskit-submenu-indicator\"><\/i><\/a>\n<ul class=\"elementskit-dropdown elementskit-submenu-panel\">\n\t<li id=\"menu-item-917\" class=\"menu-item menu-item-type-post_type menu-item-object-page menu-item-917 nav-item elementskit-mobile-builder-content\" data-vertical-menu=750px><a href=\"https:\/\/www.galeriebernardbouche.com\/en\/exposition-en-cours\/\" class=\" dropdown-item\">EXPOSITION EN COURS<\/a>\t<li id=\"menu-item-5665\" class=\"menu-item menu-item-type-post_type menu-item-object-page menu-item-5665 nav-item elementskit-mobile-builder-content\" data-vertical-menu=750px><a href=\"https:\/\/www.galeriebernardbouche.com\/en\/expositions-a-venir\/\" class=\" dropdown-item\">EXPOSITIONS \u00c0 VENIR<\/a>\t<li id=\"menu-item-2629\" class=\"menu-item menu-item-type-post_type menu-item-object-page menu-item-2629 nav-item elementskit-mobile-builder-content\" data-vertical-menu=750px><a href=\"https:\/\/www.galeriebernardbouche.com\/en\/expositions-passees\/\" class=\" dropdown-item\">EXPOSITIONS PASS\u00c9ES<\/a><\/ul>\n<\/li>\n<li id=\"menu-item-2815\" class=\"menu-item menu-item-type-post_type menu-item-object-page menu-item-2815 nav-item elementskit-mobile-builder-content\" data-vertical-menu=750px><a href=\"https:\/\/www.galeriebernardbouche.com\/en\/artistes\/\" class=\"ekit-menu-nav-link\">ARTISTES<\/a><\/li>\n<li id=\"menu-item-907\" class=\"menu-item menu-item-type-post_type menu-item-object-page menu-item-907 nav-item elementskit-mobile-builder-content\" data-vertical-menu=750px><a href=\"https:\/\/www.galeriebernardbouche.com\/en\/contact\/\" class=\"ekit-menu-nav-link\">CONTACT<\/a><\/li>\n<li id=\"menu-item-904\" class=\"trp-language-switcher-container menu-item menu-item-type-post_type menu-item-object-language_switcher current-language-menu-item menu-item-904 nav-item elementskit-mobile-builder-content\" data-vertical-menu=750px><a href=\"https:\/\/www.galeriebernardbouche.com\/en\/wp-json\/wp\/v2\/pages\/2416#TRPLINKPROCESSED\" class=\"ekit-menu-nav-link\"><span data-no-translation><span class=\"trp-ls-language-name\">FR<\/span><\/span><\/a><\/li>\n<li id=\"menu-item-903\" class=\"trp-language-switcher-container menu-item menu-item-type-post_type menu-item-object-language_switcher current-language-menu-item menu-item-903 nav-item elementskit-mobile-builder-content\" data-vertical-menu=750px><a href=\"https:\/\/www.galeriebernardbouche.com\/en\/wp-json\/wp\/v2\/pages\/2416#TRPLINKPROCESSED\" class=\"ekit-menu-nav-link\"><span data-no-translation><span class=\"trp-ls-language-name\">EN<\/span><\/span><\/a><\/li>\n<\/ul><div class=\"elementskit-nav-identity-panel\"><button class=\"elementskit-menu-close elementskit-menu-toggler\" type=\"button\">X<\/button><\/div><\/div>\n\t\t\t<div class=\"elementskit-menu-overlay elementskit-menu-offcanvas-elements elementskit-menu-toggler ekit-nav-menu--overlay\"><\/div>        <\/nav>\n\t\t\t\t\t\t<\/div>\n\t\t\t\t<\/div>\n\t\t\t\t\t<\/div>\n\t\t<\/div>\n\t\t\t\t\t<\/div>\n\t\t<\/section>\n\t\t\t\t<section class=\"elementor-section elementor-top-section elementor-element elementor-element-4656bd8 elementor-section-height-min-height animated-slow elementor-section-full_width elementor-section-items-top elementor-reverse-mobile elementor-section-height-default wpr-particle-no wpr-jarallax-no wpr-parallax-no wpr-sticky-section-no wpr-equal-height-no elementor-invisible\" data-id=\"4656bd8\" data-element_type=\"section\" data-e-type=\"section\" data-settings=\"{&quot;background_background&quot;:&quot;classic&quot;,&quot;animation&quot;:&quot;fadeIn&quot;}\">\n\t\t\t\t\t\t<div class=\"elementor-container elementor-column-gap-default\">\n\t\t\t\t\t<div class=\"elementor-column elementor-col-50 elementor-top-column elementor-element elementor-element-6288b15\" data-id=\"6288b15\" data-element_type=\"column\" data-e-type=\"column\">\n\t\t\t<div class=\"elementor-widget-wrap elementor-element-populated\">\n\t\t\t\t\t\t<div class=\"elementor-element elementor-element-dc8a5df elementor-widget elementor-widget-text-editor\" data-id=\"dc8a5df\" data-element_type=\"widget\" data-e-type=\"widget\" data-widget_type=\"text-editor.default\">\n\t\t\t\t<div class=\"elementor-widget-container\">\n\t\t\t\t\t\t\t\t\t<p>MARTHE W\u00c9RY<\/p>\t\t\t\t\t\t\t\t<\/div>\n\t\t\t\t<\/div>\n\t\t\t\t<div class=\"elementor-element elementor-element-313929e elementor-widget elementor-widget-text-editor\" data-id=\"313929e\" data-element_type=\"widget\" data-e-type=\"widget\" data-widget_type=\"text-editor.default\">\n\t\t\t\t<div class=\"elementor-widget-container\">\n\t\t\t\t\t\t\t\t\t<p>La peinture de Marthe W\u00e9ry, qu\u2019il s\u2019agisse de d\u00e9signer la d\u00e9marche ou la mat\u00e9rialit\u00e9 des \u0153uvres, n\u2019est pas spectaculaire. Elle se construit \u00e0 son rythme propre, \u00e0 partir d\u2019une attention constante aux plus modestes \u00e9v\u00e9nements qui surviennent \u00e0 la surface du tableau. Dans les ann\u00e9es 1960, des lignes recouvrent une surface.<\/p><p>Pour Marthe W\u00e9ry, une ligne n\u2019indique pas une direction : elle constitue \u00ab la plus petite surface possible \u00bb. Empiriquement trac\u00e9es, les lignes se resserrent, se heurtent. Ces accidents constituent un morceau de surface. Marthe W\u00e9ry appartient \u00e0 une famille de peintres, sinon \u00e0 une g\u00e9n\u00e9ration, pour laquelle peindre est r\u00e9p\u00e9ter toujours plus intens\u00e9ment un m\u00eame geste. La r\u00e9p\u00e9tition engendre des \u00ab transformations \u00bb qui \u00ab ouvrent tout naturellement \u00e0 d\u2019autres d\u00e9veloppements \u00bb. [&#8230;] Pour Marthe W\u00e9ry, rien, jamais, ne se cl\u00f4ture. S\u2019inspirant de Montaigne, elle sugg\u00e8re avec clairvoyance : \u00ab Il n\u2019y a pas \u00e0 parfaire, mais toujours \u00e0 compl\u00e9ter et \u00e0 poursuivre. \u00bb La peinture, dans le temps, \u00ab s\u2019arrange \u00bb en quelque sorte avec elle-m\u00eame. [&#8230;] Les lignes, chez Marthe W\u00e9ry, [&#8230;] sont \u00ab les chemins du pinceau sur la toile \u00bb : \u00ab ces chemins ne m\u00e8nent qu\u2019\u00e0 la peinture. \u00bb La plus extr\u00eame, et dans une certaine mesure, la plus parfaite manifestation du d\u00e9bat de la peinture avec elle-m\u00eame est le tableau monochrome. Peu importe que le monochrome soit, ou soit devenu, un \u00ab genre \u00bb. Cette question n\u2019occupe que les universitaires. Un monochrome a cette particularit\u00e9 d\u2019\u00eatre \u00ab \u00e9tranger \u00bb, de ne pouvoir \u00eatre identifi\u00e9, sinon \u00e0 lui-m\u00eame. Au demeurant, Marthe W\u00e9ry n\u2019additionne pas des couleurs sur une toile : elle les \u00ab pousse \u00bb l\u2019une vers l\u2019autre, jusqu\u2019\u00e0 une tension et \u00e0 une saturation maximales. Tant en ce qui concerne le franchissement des \u00e9tapes de son travail que son rapport aux autres (Marthe W\u00e9ry fut une enseignante exemplaire), sa g\u00e9n\u00e9rosit\u00e9 fut toujours appuy\u00e9e sur une volont\u00e9 de d\u00e9placement et d\u2019\u00e9largissement, c\u2019est-\u00e0-dire sur l\u2019absolu n\u00e9cessit\u00e9 du risque. Les caract\u00e9ristiques de cette aventure exigeante, encore insuffisamment connue et reconnue, ne sont pas aujourd\u2019hui si communes.<\/p><p>Alain Coulange, Extrait de \u00ab Portrait. Marthe W\u00e9ry \u00bb 2006<\/p><p>On peut clairement avoir des d\u00e9sirs, mais on doit toujours faire face \u00e0 sa nature. J&rsquo;ai appris que la mienne devait prendre en compte la sensualit\u00e9, et pour la garantir, un temps de travail tr\u00e8s lent. Je peins \u00e0 plat en fines couches transparentes superpos\u00e9es. Tant de choses se passent dans cette lenteur et j&rsquo;aimerais le faire vivre au spectateur. Je me suis ainsi rendu compte que la fascination pour le c\u00f4t\u00e9 mat\u00e9riel et physique de la couleur \u00e9tait inscrite dans mon temp\u00e9rament ; ce qui m&rsquo;\u00e9loigne de la rigueur des Am\u00e9ricains par exemple. On n&rsquo;\u00e9chappe pas \u00e0 l&rsquo;autoportrait dans la peinture. Il se fait pas \u00e0 pas, naturellement. J&rsquo;ai l&rsquo;impression de \u00ab laisser venir \u00bb\u2026Chaque exposition est un peu l&rsquo;\u00e9tat de moi-m\u00eame \u00e0 ce moment l\u00e0. Comme un corps en morceau que je tente de reconstituer \u00e0 coup d&rsquo;ambigu\u00eft\u00e9s, de reconnaissances et de lib\u00e9rations progressives.<\/p><p>Propos de Marthe W\u00e9ry recueillis par Guy Gilsoul pour le Vif\/L&rsquo;Express, 13 &#8211; 19 mars 1987<\/p>\t\t\t\t\t\t\t\t<\/div>\n\t\t\t\t<\/div>\n\t\t\t\t\t<\/div>\n\t\t<\/div>\n\t\t\t\t<div class=\"elementor-column elementor-col-50 elementor-top-column elementor-element elementor-element-a1365fb\" data-id=\"a1365fb\" data-element_type=\"column\" data-e-type=\"column\">\n\t\t\t<div class=\"elementor-widget-wrap elementor-element-populated\">\n\t\t\t\t\t\t\t<\/div>\n\t\t<\/div>\n\t\t\t\t\t<\/div>\n\t\t<\/section>\n\t\t\t\t<section class=\"elementor-section elementor-top-section elementor-element elementor-element-1217168 elementor-section-height-min-height elementor-section-boxed elementor-section-height-default elementor-section-items-middle wpr-particle-no wpr-jarallax-no wpr-parallax-no wpr-sticky-section-no wpr-equal-height-no\" data-id=\"1217168\" data-element_type=\"section\" data-e-type=\"section\" data-settings=\"{&quot;background_background&quot;:&quot;classic&quot;}\">\n\t\t\t\t\t\t<div class=\"elementor-container elementor-column-gap-default\">\n\t\t\t\t\t<div class=\"elementor-column elementor-col-100 elementor-top-column elementor-element elementor-element-4d82be7\" data-id=\"4d82be7\" data-element_type=\"column\" data-e-type=\"column\">\n\t\t\t<div class=\"elementor-widget-wrap elementor-element-populated\">\n\t\t\t\t\t\t<div class=\"elementor-element elementor-element-3c921ec elementor-widget elementor-widget-spacer\" data-id=\"3c921ec\" data-element_type=\"widget\" data-e-type=\"widget\" data-widget_type=\"spacer.default\">\n\t\t\t\t<div class=\"elementor-widget-container\">\n\t\t\t\t\t\t\t<div class=\"elementor-spacer\">\n\t\t\t<div class=\"elementor-spacer-inner\"><\/div>\n\t\t<\/div>\n\t\t\t\t\t\t<\/div>\n\t\t\t\t<\/div>\n\t\t\t\t\t<\/div>\n\t\t<\/div>\n\t\t\t\t\t<\/div>\n\t\t<\/section>\n\t\t\t\t<section class=\"elementor-section elementor-top-section elementor-element elementor-element-821e763 elementor-section-full_width elementor-section-height-default elementor-section-height-default wpr-particle-no wpr-jarallax-no wpr-parallax-no wpr-sticky-section-no wpr-equal-height-no\" data-id=\"821e763\" data-element_type=\"section\" data-e-type=\"section\">\n\t\t\t\t\t\t<div class=\"elementor-container elementor-column-gap-no\">\n\t\t\t\t\t<div class=\"elementor-column elementor-col-100 elementor-top-column elementor-element elementor-element-56a9d5f\" data-id=\"56a9d5f\" data-element_type=\"column\" data-e-type=\"column\">\n\t\t\t<div class=\"elementor-widget-wrap elementor-element-populated\">\n\t\t\t\t\t\t<div class=\"elementor-element elementor-element-fd49185 elementor-widget-divider--view-line elementor-widget elementor-widget-divider\" data-id=\"fd49185\" data-element_type=\"widget\" data-e-type=\"widget\" data-widget_type=\"divider.default\">\n\t\t\t\t<div class=\"elementor-widget-container\">\n\t\t\t\t\t\t\t<div class=\"elementor-divider\">\n\t\t\t<span class=\"elementor-divider-separator\">\n\t\t\t\t\t\t<\/span>\n\t\t<\/div>\n\t\t\t\t\t\t<\/div>\n\t\t\t\t<\/div>\n\t\t\t\t<section class=\"elementor-section elementor-inner-section elementor-element elementor-element-c18638d elementor-section-full_width elementor-section-height-default elementor-section-height-default wpr-particle-no wpr-jarallax-no wpr-parallax-no wpr-sticky-section-no wpr-equal-height-no\" data-id=\"c18638d\" data-element_type=\"section\" data-e-type=\"section\">\n\t\t\t\t\t\t<div class=\"elementor-container elementor-column-gap-default\">\n\t\t\t\t\t<div class=\"elementor-column elementor-col-50 elementor-inner-column elementor-element elementor-element-74007c9\" data-id=\"74007c9\" data-element_type=\"column\" data-e-type=\"column\">\n\t\t\t<div class=\"elementor-widget-wrap elementor-element-populated\">\n\t\t\t\t\t\t<div class=\"elementor-element elementor-element-27d1552 elementor-widget elementor-widget-text-editor\" data-id=\"27d1552\" data-element_type=\"widget\" data-e-type=\"widget\" data-widget_type=\"text-editor.default\">\n\t\t\t\t<div class=\"elementor-widget-container\">\n\t\t\t\t\t\t\t\t\t<p>\u00a92022 All rights reserved Galerie Bernard Bouche<br \/><a href=\"https:\/\/www.galeriebernardbouche.com\/mentions-legales\/\">Mentions l\u00e9gales<\/a> &#8211; <a href=\"https:\/\/www.galeriebernardbouche.com\/politique-de-confidentialite\/\">Politique de confidentialit\u00e9<\/a><\/p>\t\t\t\t\t\t\t\t<\/div>\n\t\t\t\t<\/div>\n\t\t\t\t\t<\/div>\n\t\t<\/div>\n\t\t\t\t<div class=\"elementor-column elementor-col-50 elementor-inner-column elementor-element elementor-element-5c65361\" data-id=\"5c65361\" data-element_type=\"column\" data-e-type=\"column\">\n\t\t\t<div class=\"elementor-widget-wrap elementor-element-populated\">\n\t\t\t\t\t\t<div class=\"elementor-element elementor-element-454c387 elementor-view-default elementor-widget elementor-widget-icon\" data-id=\"454c387\" data-element_type=\"widget\" data-e-type=\"widget\" data-widget_type=\"icon.default\">\n\t\t\t\t<div class=\"elementor-widget-container\">\n\t\t\t\t\t\t\t<div class=\"elementor-icon-wrapper\">\n\t\t\t<a class=\"elementor-icon\" href=\"https:\/\/www.instagram.com\/galeriebernardbouche\/?hl=fr\">\n\t\t\t<i aria-hidden=\"true\" class=\"fab fa-instagram\"><\/i>\t\t\t<\/a>\n\t\t<\/div>\n\t\t\t\t\t\t<\/div>\n\t\t\t\t<\/div>\n\t\t\t\t\t<\/div>\n\t\t<\/div>\n\t\t\t\t\t<\/div>\n\t\t<\/section>\n\t\t\t\t\t<\/div>\n\t\t<\/div>\n\t\t\t\t\t<\/div>\n\t\t<\/section>\n\t\t\t\t<\/div>\n\t\t","protected":false},"excerpt":{"rendered":"<p>GALERIE BERNARD BOUCHE Expositions EXPOSITION EN COURS EXPOSITIONS PASS\u00c9ES ARTISTES CONTACT FR EN X MARTHE W\u00c9RY La peinture de Marthe W\u00e9ry, qu\u2019il s\u2019agisse de d\u00e9signer la d\u00e9marche ou la mat\u00e9rialit\u00e9 des \u0153uvres, n\u2019est pas spectaculaire. Elle se construit \u00e0 son rythme propre, \u00e0 partir d\u2019une attention constante aux plus modestes \u00e9v\u00e9nements qui surviennent \u00e0 la surface du tableau. Dans les ann\u00e9es 1960, des lignes recouvrent une surface. Pour Marthe W\u00e9ry, une ligne n\u2019indique pas une direction : elle constitue \u00ab la plus petite surface possible \u00bb. Empiriquement trac\u00e9es, les lignes se resserrent, se heurtent. Ces accidents constituent un morceau de surface. Marthe W\u00e9ry appartient \u00e0 une famille de peintres, sinon \u00e0 une g\u00e9n\u00e9ration, pour laquelle peindre est r\u00e9p\u00e9ter toujours plus intens\u00e9ment un m\u00eame geste. La r\u00e9p\u00e9tition engendre des \u00ab transformations \u00bb qui \u00ab ouvrent tout naturellement \u00e0 d\u2019autres d\u00e9veloppements \u00bb. [&#8230;] Pour Marthe W\u00e9ry, rien, jamais, ne se cl\u00f4ture. S\u2019inspirant de Montaigne, elle sugg\u00e8re avec clairvoyance : \u00ab Il n\u2019y a pas \u00e0 parfaire, mais toujours \u00e0 compl\u00e9ter et \u00e0 poursuivre. \u00bb La peinture, dans le temps, \u00ab s\u2019arrange \u00bb en quelque sorte avec elle-m\u00eame. [&#8230;] Les lignes, chez Marthe W\u00e9ry, [&#8230;] sont \u00ab les chemins du pinceau sur la toile \u00bb : \u00ab ces chemins ne m\u00e8nent qu\u2019\u00e0 la peinture. \u00bb La plus extr\u00eame, et dans une certaine mesure, la plus parfaite manifestation du d\u00e9bat de la peinture avec elle-m\u00eame est le tableau monochrome. Peu importe que le monochrome soit, ou soit devenu, un \u00ab genre \u00bb. Cette question n\u2019occupe que les universitaires. Un monochrome a cette particularit\u00e9 d\u2019\u00eatre \u00ab \u00e9tranger \u00bb, de ne pouvoir \u00eatre identifi\u00e9, sinon \u00e0 lui-m\u00eame. Au demeurant, Marthe W\u00e9ry n\u2019additionne pas des couleurs sur une toile : elle les \u00ab pousse \u00bb l\u2019une vers l\u2019autre, jusqu\u2019\u00e0 une tension et \u00e0 une saturation maximales. Tant en ce qui concerne le franchissement des \u00e9tapes de son travail que son rapport aux autres (Marthe W\u00e9ry fut une enseignante exemplaire), sa g\u00e9n\u00e9rosit\u00e9 fut toujours appuy\u00e9e sur une volont\u00e9 de d\u00e9placement et d\u2019\u00e9largissement, c\u2019est-\u00e0-dire sur l\u2019absolu n\u00e9cessit\u00e9 du risque. Les caract\u00e9ristiques de cette aventure exigeante, encore insuffisamment connue et reconnue, ne sont pas aujourd\u2019hui si communes. Alain Coulange, Extrait de \u00ab Portrait. Marthe W\u00e9ry \u00bb 2006 On peut clairement avoir des d\u00e9sirs, mais on doit toujours faire face \u00e0 sa nature. J&rsquo;ai appris que la mienne devait prendre en compte la sensualit\u00e9, et pour la garantir, un temps de travail tr\u00e8s lent. Je peins \u00e0 plat en fines couches transparentes superpos\u00e9es. Tant de choses se passent dans cette lenteur et j&rsquo;aimerais le faire vivre au spectateur. Je me suis ainsi rendu compte que la fascination pour le c\u00f4t\u00e9 mat\u00e9riel et physique de la couleur \u00e9tait inscrite dans mon temp\u00e9rament ; ce qui m&rsquo;\u00e9loigne de la rigueur des Am\u00e9ricains par exemple. On n&rsquo;\u00e9chappe pas \u00e0 l&rsquo;autoportrait dans la peinture. Il se fait pas \u00e0 pas, naturellement. J&rsquo;ai l&rsquo;impression de \u00ab laisser venir \u00bb\u2026Chaque exposition est un peu l&rsquo;\u00e9tat de moi-m\u00eame \u00e0 ce moment l\u00e0. Comme un corps en morceau que je tente de reconstituer \u00e0 coup d&rsquo;ambigu\u00eft\u00e9s, de reconnaissances et de lib\u00e9rations progressives. Propos de Marthe W\u00e9ry recueillis par Guy Gilsoul pour le Vif\/L&rsquo;Express, 13 &#8211; 19 mars 1987 \u00a92022 All rights reserved Galerie Bernard BoucheMentions l\u00e9gales &#8211; Politique de confidentialit\u00e9<\/p>\n","protected":false},"author":1,"featured_media":0,"parent":0,"menu_order":77,"comment_status":"closed","ping_status":"closed","template":"elementor_canvas","meta":{"footnotes":""},"class_list":["post-2416","page","type-page","status-publish","hentry"],"_links":{"self":[{"href":"https:\/\/www.galeriebernardbouche.com\/en\/wp-json\/wp\/v2\/pages\/2416","targetHints":{"allow":["GET"]}}],"collection":[{"href":"https:\/\/www.galeriebernardbouche.com\/en\/wp-json\/wp\/v2\/pages"}],"about":[{"href":"https:\/\/www.galeriebernardbouche.com\/en\/wp-json\/wp\/v2\/types\/page"}],"author":[{"embeddable":true,"href":"https:\/\/www.galeriebernardbouche.com\/en\/wp-json\/wp\/v2\/users\/1"}],"replies":[{"embeddable":true,"href":"https:\/\/www.galeriebernardbouche.com\/en\/wp-json\/wp\/v2\/comments?post=2416"}],"version-history":[{"count":10,"href":"https:\/\/www.galeriebernardbouche.com\/en\/wp-json\/wp\/v2\/pages\/2416\/revisions"}],"predecessor-version":[{"id":2722,"href":"https:\/\/www.galeriebernardbouche.com\/en\/wp-json\/wp\/v2\/pages\/2416\/revisions\/2722"}],"wp:attachment":[{"href":"https:\/\/www.galeriebernardbouche.com\/en\/wp-json\/wp\/v2\/media?parent=2416"}],"curies":[{"name":"wp","href":"https:\/\/api.w.org\/{rel}","templated":true}]}}