{"id":2881,"date":"2022-09-06T14:51:35","date_gmt":"2022-09-06T12:51:35","guid":{"rendered":"https:\/\/www.galeriebernardbouche.com\/?page_id=2881"},"modified":"2023-04-01T12:10:34","modified_gmt":"2023-04-01T10:10:34","slug":"gunther-forg-bernd-lohaus-peter-joseph-12-05-2022-2-07-2022","status":"publish","type":"page","link":"https:\/\/www.galeriebernardbouche.com\/en\/gunther-forg-bernd-lohaus-peter-joseph-12-05-2022-2-07-2022\/","title":{"rendered":"G\u00dcNTHER F\u00d6RG &#8211; BERND LOHAUS &#8211; PETER JOSEPH  12.05.2022- 2.07.2022"},"content":{"rendered":"<div data-elementor-type=\"wp-post\" data-elementor-id=\"2881\" class=\"elementor elementor-2881\">\n\t\t\t\t\t\t<section class=\"elementor-section elementor-top-section elementor-element elementor-element-965c2cf elementor-section-content-middle elementor-section-full_width elementor-section-height-min-height elementor-section-height-default elementor-section-items-middle wpr-particle-no wpr-jarallax-no wpr-parallax-no wpr-equal-height-no\" data-id=\"965c2cf\" data-element_type=\"section\" data-e-type=\"section\" data-settings=\"{&quot;background_background&quot;:&quot;classic&quot;,&quot;animation_tablet&quot;:&quot;fadeIn&quot;}\">\n\t\t\t\t\t\t<div class=\"elementor-container elementor-column-gap-default\">\n\t\t\t\t\t<div class=\"elementor-column elementor-col-50 elementor-top-column elementor-element elementor-element-1d3f8ad\" data-id=\"1d3f8ad\" data-element_type=\"column\" data-e-type=\"column\">\n\t\t\t<div class=\"elementor-widget-wrap elementor-element-populated\">\n\t\t\t\t\t\t<div class=\"elementor-element elementor-element-4273499 elementor-widget elementor-widget-heading\" data-id=\"4273499\" data-element_type=\"widget\" data-e-type=\"widget\" data-widget_type=\"heading.default\">\n\t\t\t\t<div class=\"elementor-widget-container\">\n\t\t\t\t\t<h3 class=\"elementor-heading-title elementor-size-small\"><a href=\"https:\/\/www.galeriebernardbouche.com\/en\/\">GALERIE BERNARD BOUCHE<\/a><\/h3>\t\t\t\t<\/div>\n\t\t\t\t<\/div>\n\t\t\t\t\t<\/div>\n\t\t<\/div>\n\t\t\t\t<div class=\"elementor-column elementor-col-50 elementor-top-column elementor-element elementor-element-1c8f988\" data-id=\"1c8f988\" data-element_type=\"column\" data-e-type=\"column\" data-settings=\"{&quot;animation_mobile&quot;:&quot;fadeIn&quot;}\">\n\t\t\t<div class=\"elementor-widget-wrap elementor-element-populated\">\n\t\t\t\t\t\t<div class=\"elementor-element elementor-element-47dd083 elementor-widget elementor-widget-ekit-nav-menu\" data-id=\"47dd083\" data-element_type=\"widget\" data-e-type=\"widget\" data-widget_type=\"ekit-nav-menu.default\">\n\t\t\t\t<div class=\"elementor-widget-container\">\n\t\t\t\t\t\t\t<nav class=\"ekit-wid-con ekit_menu_responsive_tablet\"\n\t\t\tdata-hamburger-icon=\"\"\n\t\t\tdata-hamburger-icon-type=\"icon\"\n\t\t\tdata-responsive-breakpoint=\"1024\">\n\t\t\t            <button class=\"elementskit-menu-hamburger elementskit-menu-toggler\"  type=\"button\" aria-label=\"hamburger-icon\">\n                                    <span class=\"elementskit-menu-hamburger-icon\"><\/span><span class=\"elementskit-menu-hamburger-icon\"><\/span><span class=\"elementskit-menu-hamburger-icon\"><\/span>\n                            <\/button>\n            <div id=\"ekit-megamenu-menu-principal\" class=\"elementskit-menu-container elementskit-menu-offcanvas-elements elementskit-navbar-nav-default ekit-nav-menu-one-page-yes ekit-nav-dropdown-hover\"><ul id=\"menu-menu-principal\" class=\"elementskit-navbar-nav elementskit-menu-po-right submenu-click-on-icon\"><li id=\"menu-item-71\" class=\"menu-item menu-item-type-custom menu-item-object-custom menu-item-has-children menu-item-71 nav-item elementskit-dropdown-has relative_position elementskit-dropdown-menu-default_width elementskit-mobile-builder-content\" data-vertical-menu=\"750px\"><a href=\"https:\/\/www.galeriebernardbouche.com\/en\/\" class=\"ekit-menu-nav-link ekit-menu-dropdown-toggle\">EXHIBITIONS<i aria-hidden=\"true\" class=\"icon icon-down-arrow1 elementskit-submenu-indicator\"><\/i><\/a>\n<ul class=\"elementskit-dropdown elementskit-submenu-panel\">\n\t<li id=\"menu-item-917\" class=\"menu-item menu-item-type-post_type menu-item-object-page menu-item-917 nav-item elementskit-mobile-builder-content\" data-vertical-menu=\"750px\"><a href=\"https:\/\/www.galeriebernardbouche.com\/en\/exposition-en-cours\/\" class=\"dropdown-item\">CURRENT EXHIBITION<\/a>\t<li id=\"menu-item-5665\" class=\"menu-item menu-item-type-post_type menu-item-object-page menu-item-5665 nav-item elementskit-mobile-builder-content\" data-vertical-menu=\"750px\"><a href=\"https:\/\/www.galeriebernardbouche.com\/en\/expositions-a-venir\/\" class=\"dropdown-item\">UPCOMING EXHIBITION<\/a>\t<li id=\"menu-item-2629\" class=\"menu-item menu-item-type-post_type menu-item-object-page menu-item-2629 nav-item elementskit-mobile-builder-content\" data-vertical-menu=\"750px\"><a href=\"https:\/\/www.galeriebernardbouche.com\/en\/expositions-passees\/\" class=\"dropdown-item\">PAST EXHIBITIONS<\/a><\/ul>\n<\/li>\n<li id=\"menu-item-2815\" class=\"menu-item menu-item-type-post_type menu-item-object-page menu-item-2815 nav-item elementskit-mobile-builder-content\" data-vertical-menu=\"750px\"><a href=\"https:\/\/www.galeriebernardbouche.com\/en\/artistes\/\" class=\"ekit-menu-nav-link\">ARTISTS<\/a><\/li>\n<li id=\"menu-item-907\" class=\"menu-item menu-item-type-post_type menu-item-object-page menu-item-907 nav-item elementskit-mobile-builder-content\" data-vertical-menu=\"750px\"><a href=\"https:\/\/www.galeriebernardbouche.com\/en\/contact\/\" class=\"ekit-menu-nav-link\">CONTACT<\/a><\/li>\n<li id=\"menu-item-904\" class=\"trp-language-switcher-container menu-item menu-item-type-post_type menu-item-object-language_switcher current-language-menu-item menu-item-904 nav-item elementskit-mobile-builder-content\" data-vertical-menu=\"750px\"><a href=\"https:\/\/www.galeriebernardbouche.com\/en\/wp-json\/wp\/v2\/pages\/2881\" class=\"ekit-menu-nav-link\"><span data-no-translation><span class=\"trp-ls-language-name\">FR<\/span><\/span><\/a><\/li>\n<li id=\"menu-item-903\" class=\"trp-language-switcher-container menu-item menu-item-type-post_type menu-item-object-language_switcher current-language-menu-item menu-item-903 nav-item elementskit-mobile-builder-content\" data-vertical-menu=\"750px\"><a href=\"https:\/\/www.galeriebernardbouche.com\/en\/wp-json\/wp\/v2\/pages\/2881\" class=\"ekit-menu-nav-link\"><span data-no-translation><span class=\"trp-ls-language-name\">EN<\/span><\/span><\/a><\/li>\n<\/ul><div class=\"elementskit-nav-identity-panel\"><button class=\"elementskit-menu-close elementskit-menu-toggler\" type=\"button\">X<\/button><\/div><\/div>\n\t\t\t<div class=\"elementskit-menu-overlay elementskit-menu-offcanvas-elements elementskit-menu-toggler ekit-nav-menu--overlay\"><\/div>        <\/nav>\n\t\t\t\t\t\t<\/div>\n\t\t\t\t<\/div>\n\t\t\t\t\t<\/div>\n\t\t<\/div>\n\t\t\t\t\t<\/div>\n\t\t<\/section>\n\t\t\t\t<section class=\"elementor-section elementor-top-section elementor-element elementor-element-c9447d0 elementor-section-height-min-height elementor-section-full_width elementor-section-height-default elementor-section-items-middle wpr-particle-no wpr-jarallax-no wpr-parallax-no wpr-sticky-section-no wpr-equal-height-no elementor-invisible\" data-id=\"c9447d0\" data-element_type=\"section\" data-e-type=\"section\" data-settings=\"{&quot;animation&quot;:&quot;fadeIn&quot;,&quot;background_background&quot;:&quot;classic&quot;}\">\n\t\t\t\t\t\t<div class=\"elementor-container elementor-column-gap-default\">\n\t\t\t\t\t<div class=\"elementor-column elementor-col-100 elementor-top-column elementor-element elementor-element-be54deb elementor-invisible\" data-id=\"be54deb\" data-element_type=\"column\" data-e-type=\"column\" data-settings=\"{&quot;animation&quot;:&quot;fadeIn&quot;}\">\n\t\t\t<div class=\"elementor-widget-wrap elementor-element-populated\">\n\t\t\t\t\t\t<div class=\"elementor-element elementor-element-280d2ec elementor-widget elementor-widget-heading\" data-id=\"280d2ec\" data-element_type=\"widget\" data-e-type=\"widget\" data-widget_type=\"heading.default\">\n\t\t\t\t<div class=\"elementor-widget-container\">\n\t\t\t\t\t<h2 class=\"elementor-heading-title elementor-size-default\">EXPOSITION PASS\u00c9ES<\/h2>\t\t\t\t<\/div>\n\t\t\t\t<\/div>\n\t\t\t\t\t<\/div>\n\t\t<\/div>\n\t\t\t\t\t<\/div>\n\t\t<\/section>\n\t\t\t\t<section class=\"elementor-section elementor-top-section elementor-element elementor-element-56a9a79 elementor-section-height-min-height animated-slow elementor-section-full_width elementor-section-items-top elementor-reverse-mobile elementor-section-height-default wpr-particle-no wpr-jarallax-no wpr-parallax-no wpr-sticky-section-no wpr-equal-height-no elementor-invisible\" data-id=\"56a9a79\" data-element_type=\"section\" data-e-type=\"section\" data-settings=\"{&quot;background_background&quot;:&quot;classic&quot;,&quot;animation&quot;:&quot;fadeIn&quot;}\">\n\t\t\t\t\t\t<div class=\"elementor-container elementor-column-gap-default\">\n\t\t\t\t\t<div class=\"elementor-column elementor-col-50 elementor-top-column elementor-element elementor-element-ee43ad5\" data-id=\"ee43ad5\" data-element_type=\"column\" data-e-type=\"column\">\n\t\t\t<div class=\"elementor-widget-wrap elementor-element-populated\">\n\t\t\t\t\t\t<div class=\"elementor-element elementor-element-05913bf elementor-widget elementor-widget-text-editor\" data-id=\"05913bf\" data-element_type=\"widget\" data-e-type=\"widget\" data-widget_type=\"text-editor.default\">\n\t\t\t\t<div class=\"elementor-widget-container\">\n\t\t\t\t\t\t\t\t\t<p><br \/><br \/><br \/><br \/>G\u00dcNTHER F\u00d6RG<\/p><p>BERND LOHAUS<\/p><p>PETER JOSEPH<br \/><br \/><br \/><br \/><br \/><br \/><br \/><br \/><\/p><p>MAY 12 - JULY 2, 2022<br \/><br \/><\/p>\t\t\t\t\t\t\t\t<\/div>\n\t\t\t\t<\/div>\n\t\t\t\t<div class=\"elementor-element elementor-element-3f55df8 elementor-widget elementor-widget-text-editor\" data-id=\"3f55df8\" data-element_type=\"widget\" data-e-type=\"widget\" data-widget_type=\"text-editor.default\">\n\t\t\t\t<div class=\"elementor-widget-container\">\n\t\t\t\t\t\t\t\t\t<div class=\"page\" title=\"Page 1\"><div class=\"layoutArea\"><div class=\"column\"><p><br \/>BERND LOHAUS<br \/>Du\u0308sseldorf 1940 \u2014 Anvers 2010<br \/>Berrnd Lohaus' sculpture was already noticed in 1969 at Harald Szeemann's exhibition \"When Attitudes Become Form\" at the Kunsthalle in Bern. He uses powerful and dense materials such as azobe wood. He favours the use of elements that have already been used - ropes, planks, wooden cubes, bearing the traces of industry and time, charged with and enriched by a past to which they bear witness. A combination of sober, massive and sculptural forms, powerfully expressive, sometimes described with enigmatic and strong linguistic fragments, like pictorial poetic exclamations, has been the basis of Bernd Lohaus' work for years. Among the wood-word elements, one finds above all prepositions; the whole never forms a complete sentence, but poses in space the relationship of the words to each other. If his intervention is reduced to simple actions, the intuitive arrangement of the wood alone is a language. It connects the material with spirituality. His works are included in numerous museums in Belgium, France and Germany.<\/p><p>GU\u0308NTHER FO\u0308RG<br \/>Fu\u0308ssen 1952 \u2014 Freiburg 2013<em><br \/><\/em>G\u00fcnther F\u00f6rg's career began in the early 1970s, when he studied at the Academy of Fine Arts in Munich. During his studies, F\u00f6rg developed a practice based almost exclusively on black and grey monochrome. These early investigations into grey - also known as \u2018Gitter\u2019 paintings - marked the beginning of a lifelong commitment to conceptualism. According to G\u00fcnther F\u00f6rg \u201cgrey is nothing: neither white nor black. Something in between. I am not concerned with the figure. Something\nfree\u201d. Although the artist later integrated colour into his monochrome series, his use of grey represents a neutral base from which he has designed his work, and his painting and photography are now represented in most international museums and collections.<\/p><p>PETER JOSEPH<br \/>London 1929 \u2014 Stroud 2020<em><br \/><\/em>Over the decades, Peter Joseph has dedicated himself to the search for potential in constraint. He received critical acclaim in the 1970s for his meditative two-tone paintings, which placed a rectangle within a frame of a darker hue. These early works were characterised by perfect symmetry, where every decision in colour and proportion could be seen as an evocation of time, mood or place. Although comparable to the work of Mark Rothko and Barnett Newman, Peter Joseph's work was an anomalous strain of minimalism: his allegiance was as much to the Renaissance masters as to his contemporaries.<br \/>More recently, in the 2000s, his format has departed from its established 'architecture' to divide the canvas into two planes, horizontal or vertical, in which free brushstrokes, natural tones and smudges appeal to new sensations. The paintings of his latest period are reminiscent of the painter's affinity with sky and landscape from his studio in Stroud, England. There is a freedom in the composition, the brushstroke becomes both dynamic and supple, leaving in many places unpainted areas, thus creating a new space. Peter Joseph is one of the great contemporary painters of colour, light, space and the mysterious space in between.<\/p><\/div><\/div><\/div>\t\t\t\t\t\t\t\t<\/div>\n\t\t\t\t<\/div>\n\t\t\t\t\t<\/div>\n\t\t<\/div>\n\t\t\t\t<div class=\"elementor-column elementor-col-50 elementor-top-column elementor-element elementor-element-61862cf\" data-id=\"61862cf\" data-element_type=\"column\" data-e-type=\"column\">\n\t\t\t<div class=\"elementor-widget-wrap elementor-element-populated\">\n\t\t\t\t\t\t\t<\/div>\n\t\t<\/div>\n\t\t\t\t\t<\/div>\n\t\t<\/section>\n\t\t\t\t<section class=\"elementor-section elementor-top-section elementor-element elementor-element-8ee7023 elementor-section-height-min-height elementor-section-boxed elementor-section-height-default elementor-section-items-middle wpr-particle-no wpr-jarallax-no wpr-parallax-no wpr-sticky-section-no wpr-equal-height-no\" data-id=\"8ee7023\" data-element_type=\"section\" data-e-type=\"section\" data-settings=\"{&quot;background_background&quot;:&quot;classic&quot;}\">\n\t\t\t\t\t\t<div class=\"elementor-container elementor-column-gap-default\">\n\t\t\t\t\t<div class=\"elementor-column elementor-col-100 elementor-top-column elementor-element elementor-element-7175b18\" data-id=\"7175b18\" data-element_type=\"column\" data-e-type=\"column\">\n\t\t\t<div class=\"elementor-widget-wrap elementor-element-populated\">\n\t\t\t\t\t\t<div class=\"elementor-element elementor-element-f8ea776 elementor-widget elementor-widget-spacer\" data-id=\"f8ea776\" data-element_type=\"widget\" data-e-type=\"widget\" data-widget_type=\"spacer.default\">\n\t\t\t\t<div class=\"elementor-widget-container\">\n\t\t\t\t\t\t\t<div class=\"elementor-spacer\">\n\t\t\t<div class=\"elementor-spacer-inner\"><\/div>\n\t\t<\/div>\n\t\t\t\t\t\t<\/div>\n\t\t\t\t<\/div>\n\t\t\t\t\t<\/div>\n\t\t<\/div>\n\t\t\t\t\t<\/div>\n\t\t<\/section>\n\t\t\t\t<section class=\"elementor-section elementor-top-section elementor-element elementor-element-8f8d2a4 elementor-section-full_width elementor-section-height-default elementor-section-height-default wpr-particle-no wpr-jarallax-no wpr-parallax-no wpr-sticky-section-no wpr-equal-height-no\" data-id=\"8f8d2a4\" data-element_type=\"section\" data-e-type=\"section\">\n\t\t\t\t\t\t<div class=\"elementor-container elementor-column-gap-no\">\n\t\t\t\t\t<div class=\"elementor-column elementor-col-100 elementor-top-column elementor-element elementor-element-5c6895a\" data-id=\"5c6895a\" data-element_type=\"column\" data-e-type=\"column\">\n\t\t\t<div class=\"elementor-widget-wrap elementor-element-populated\">\n\t\t\t\t\t\t<div class=\"elementor-element elementor-element-d33d598 elementor-widget-divider--view-line elementor-widget elementor-widget-divider\" data-id=\"d33d598\" data-element_type=\"widget\" data-e-type=\"widget\" data-widget_type=\"divider.default\">\n\t\t\t\t<div class=\"elementor-widget-container\">\n\t\t\t\t\t\t\t<div class=\"elementor-divider\">\n\t\t\t<span class=\"elementor-divider-separator\">\n\t\t\t\t\t\t<\/span>\n\t\t<\/div>\n\t\t\t\t\t\t<\/div>\n\t\t\t\t<\/div>\n\t\t\t\t<section class=\"elementor-section elementor-inner-section elementor-element elementor-element-e759a1f elementor-section-full_width elementor-section-height-default elementor-section-height-default wpr-particle-no wpr-jarallax-no wpr-parallax-no wpr-sticky-section-no wpr-equal-height-no\" data-id=\"e759a1f\" data-element_type=\"section\" data-e-type=\"section\">\n\t\t\t\t\t\t<div class=\"elementor-container elementor-column-gap-default\">\n\t\t\t\t\t<div class=\"elementor-column elementor-col-50 elementor-inner-column elementor-element elementor-element-46f22dc\" data-id=\"46f22dc\" data-element_type=\"column\" data-e-type=\"column\">\n\t\t\t<div class=\"elementor-widget-wrap elementor-element-populated\">\n\t\t\t\t\t\t<div class=\"elementor-element elementor-element-c70f00c elementor-widget elementor-widget-text-editor\" data-id=\"c70f00c\" data-element_type=\"widget\" data-e-type=\"widget\" data-widget_type=\"text-editor.default\">\n\t\t\t\t<div class=\"elementor-widget-container\">\n\t\t\t\t\t\t\t\t\t<p>\u00a92022 All rights reserved Galerie Bernard Bouche<br \/><a href=\"https:\/\/www.galeriebernardbouche.com\/en\/mentions-legales\/\">Legal mentions<\/a> &#8211; <a href=\"https:\/\/www.galeriebernardbouche.com\/en\/politique-de-confidentialite\/\">Politique de confidentialit\u00e9<\/a><\/p>\t\t\t\t\t\t\t\t<\/div>\n\t\t\t\t<\/div>\n\t\t\t\t\t<\/div>\n\t\t<\/div>\n\t\t\t\t<div class=\"elementor-column elementor-col-50 elementor-inner-column elementor-element elementor-element-ef3c3ad\" data-id=\"ef3c3ad\" data-element_type=\"column\" data-e-type=\"column\">\n\t\t\t<div class=\"elementor-widget-wrap elementor-element-populated\">\n\t\t\t\t\t\t<div class=\"elementor-element elementor-element-5b736ee elementor-view-default elementor-widget elementor-widget-icon\" data-id=\"5b736ee\" data-element_type=\"widget\" data-e-type=\"widget\" data-widget_type=\"icon.default\">\n\t\t\t\t<div class=\"elementor-widget-container\">\n\t\t\t\t\t\t\t<div class=\"elementor-icon-wrapper\">\n\t\t\t<a class=\"elementor-icon\" href=\"https:\/\/www.instagram.com\/galeriebernardbouche\/?hl=fr\">\n\t\t\t<i aria-hidden=\"true\" class=\"fab fa-instagram\"><\/i>\t\t\t<\/a>\n\t\t<\/div>\n\t\t\t\t\t\t<\/div>\n\t\t\t\t<\/div>\n\t\t\t\t\t<\/div>\n\t\t<\/div>\n\t\t\t\t\t<\/div>\n\t\t<\/section>\n\t\t\t\t\t<\/div>\n\t\t<\/div>\n\t\t\t\t\t<\/div>\n\t\t<\/section>\n\t\t\t\t<\/div>","protected":false},"excerpt":{"rendered":"<p>GALERIE BERNARD BOUCHE Expositions EXPOSITION EN COURS EXPOSITIONS PASS\u00c9ES ARTISTES CONTACT FR EN X EXPOSITION PASS\u00c9ES G\u00dcNTHER F\u00d6RG BERND LOHAUS PETER JOSEPH 12 MAI \u2013 02 JUILLET 2022 BERND LOHAUSDu\u0308sseldorf 1940 \u2014 Anvers 2010La sculpture de Bernd Lohaus est remarque\u0301e de\u0300s 1969 lors de l&rsquo;exposition \u00ab\u00a0When Attitudes Become Form\u00a0\u00bb de Harald Szeemann a\u0300 la Kunsthalle de Berne. Dans sa sculpture Bernd Lohaus utilise des mate\u0301riaux puissants et denses tels le bois d\u2019azobe\u0301, il privile\u0301gie l\u2019usage d\u2019e\u0301le\u0301ments qui ont de\u0301ja\u0300 servi &#8211; cordes, planches, cubes de bois, portant les traces de l\u2019industrie et du temps, charge\u0301s et enrichis d\u2019un passe\u0301 dont ils te\u0301moignent. Une combinaison de formes sobres, massives et sculpturales, puissamment expressives, parfois de\u0301crites a\u0300 la craie avec des fragments linguistiques e\u0301nigmatiques et forts, comme des exclamations poe\u0301tiques picturales, voila\u0300 ce qui constitue depuis des anne\u0301es le travail de Bernd Lohaus. Si son intervention est re\u0301duite a\u0300 de simples actions, la disposition intuitive du bois a\u0300 elle seule est un langage. Elle relie la matie\u0300re a\u0300 la spiritualite\u0301. Ses \u0153uvres sont incluses dans de nombreux Muse\u0301es en Belgique, en France et en Allemagne. GU\u0308NTHER FO\u0308RGFu\u0308ssen 1952 \u2014 Freiburg 2013La carrie\u0300re de Gu\u0308nther Fo\u0308rg de\u0301bute au de\u0301but des anne\u0301es 1970, alors qu&rsquo;il e\u0301tudie a\u0300 l&rsquo;Acade\u0301mie des Beaux-Arts de Munich. Pendant ses e\u0301tudes, Fo\u0308rg a de\u0301veloppe\u0301 une pratique fonde\u0301e presque exclusivement sur le monochrome gris et noir. Ces premie\u0300res recherches sur le gris &#8211; e\u0301galement appele\u0301es peintures \u00ab\u00a0Gitter\u00a0\u00bb, marquent le de\u0301but d&rsquo;un engagement de toute une vie dans le conceptualisme. Selon Gu\u0308nther Fo\u0308rg \u00ab le gris n&rsquo;est rien : ni blanc, ni noir. Quelque chose entre les deux. Je ne suis pas concerne\u0301 par la figure. Quelque chose de libre \u00bb. Bien que l&rsquo;artiste ait par la suite inte\u0301gre\u0301 la couleur dans ses se\u0301ries monochromes, son utilisation du gris repre\u0301sente une base neutre a\u0300 partir de laquelle il a conc\u0327u son \u0153uvre. Son travail de peinture et de photographie est de\u0301sormais repre\u0301sente\u0301 dans la plupart des Muse\u0301es et collections internationales. PETER JOSEPHLondon 1929 \u2014 Stroud 2020Au fil des de\u0301cennies, Peter Joseph s\u2019est consacre\u0301 a\u0300 la recherche du potentiel dans la contrainte. Il a e\u0301te\u0301 acclame\u0301 par la critique dans les anne\u0301es 1970 pour ses peintures bicolores me\u0301ditatives, qui plac\u0327aient un rectangle dans un cadre d&rsquo;une teinte plus sombre. Ces premie\u0300res \u0153uvres se caracte\u0301risaient par une syme\u0301trie parfaite, ou\u0300 chaque de\u0301cision en matie\u0300re de couleur et de proportion pouvait e\u0302tre conside\u0301re\u0301e comme une e\u0301vocation du temps, de l&rsquo;humeur ou du lieu. Bien que comparable au travail de Mark Rothko et de Barnett Newman, l&rsquo;\u0153uvre de Peter Joseph e\u0301tait une souche anormale du minimalisme : son alle\u0301geance allait autant aux mai\u0302tres de la Renaissance qu&rsquo;a\u0300 ses contemporains.Plus re\u0301cemment, dans les anne\u0301es 2000, son format s&rsquo;est e\u0301carte\u0301 de son \u00ab\u00a0architecture\u00a0\u00bb e\u0301tablie pour diviser la toile en deux plans, horizontaux ou verticaux, dans lesquels les coups de pinceau libres, font appel a\u0300 de nouvelles sensations. Quant aux peintures de sa toute dernie\u0300re pe\u0301riode elles font penser a\u0300 cette affinite\u0301 qu&rsquo;avait le peintre avec le ciel et le paysage depuis son atelier a\u0300 Stroud, en Angleterre. Il y a une liberte\u0301 dans la composition, la touche devient a\u0300 la fois dynamique et souple, laissant en de nombreux endroits des zones non peintes, cre\u0301ant ainsi un nouvel espace. Peter Joseph est l&rsquo;un des grands peintres contemporains de la couleur, de la lumie\u0300re, de l&rsquo;espace et du myste\u0301rieux espace interme\u0301diaire. \u00a92022 All rights reserved Galerie Bernard BoucheMentions l\u00e9gales &#8211; Politique de confidentialit\u00e9<\/p>","protected":false},"author":1,"featured_media":0,"parent":0,"menu_order":80,"comment_status":"closed","ping_status":"closed","template":"elementor_canvas","meta":{"footnotes":""},"class_list":["post-2881","page","type-page","status-publish","hentry"],"_links":{"self":[{"href":"https:\/\/www.galeriebernardbouche.com\/en\/wp-json\/wp\/v2\/pages\/2881","targetHints":{"allow":["GET"]}}],"collection":[{"href":"https:\/\/www.galeriebernardbouche.com\/en\/wp-json\/wp\/v2\/pages"}],"about":[{"href":"https:\/\/www.galeriebernardbouche.com\/en\/wp-json\/wp\/v2\/types\/page"}],"author":[{"embeddable":true,"href":"https:\/\/www.galeriebernardbouche.com\/en\/wp-json\/wp\/v2\/users\/1"}],"replies":[{"embeddable":true,"href":"https:\/\/www.galeriebernardbouche.com\/en\/wp-json\/wp\/v2\/comments?post=2881"}],"version-history":[{"count":8,"href":"https:\/\/www.galeriebernardbouche.com\/en\/wp-json\/wp\/v2\/pages\/2881\/revisions"}],"predecessor-version":[{"id":2916,"href":"https:\/\/www.galeriebernardbouche.com\/en\/wp-json\/wp\/v2\/pages\/2881\/revisions\/2916"}],"wp:attachment":[{"href":"https:\/\/www.galeriebernardbouche.com\/en\/wp-json\/wp\/v2\/media?parent=2881"}],"curies":[{"name":"wp","href":"https:\/\/api.w.org\/{rel}","templated":true}]}}