{"id":2917,"date":"2022-09-10T15:08:12","date_gmt":"2022-09-10T13:08:12","guid":{"rendered":"https:\/\/www.galeriebernardbouche.com\/?page_id=2917"},"modified":"2026-05-04T11:42:18","modified_gmt":"2026-05-04T09:42:18","slug":"expositions-a-venir","status":"publish","type":"page","link":"https:\/\/www.galeriebernardbouche.com\/en\/expositions-a-venir\/","title":{"rendered":"UPCOMING EXHIBITION"},"content":{"rendered":"<div data-elementor-type=\"wp-post\" data-elementor-id=\"2917\" class=\"elementor elementor-2917\">\n\t\t\t\t\t\t<section class=\"elementor-section elementor-top-section elementor-element elementor-element-965c2cf elementor-section-content-middle elementor-section-full_width elementor-section-height-min-height elementor-section-height-default elementor-section-items-middle wpr-particle-no wpr-jarallax-no wpr-parallax-no wpr-equal-height-no\" data-id=\"965c2cf\" data-element_type=\"section\" data-e-type=\"section\" data-settings=\"{&quot;background_background&quot;:&quot;classic&quot;,&quot;animation_tablet&quot;:&quot;fadeIn&quot;}\">\n\t\t\t\t\t\t<div class=\"elementor-container elementor-column-gap-default\">\n\t\t\t\t\t<div class=\"elementor-column elementor-col-50 elementor-top-column elementor-element elementor-element-1d3f8ad\" data-id=\"1d3f8ad\" data-element_type=\"column\" data-e-type=\"column\">\n\t\t\t<div class=\"elementor-widget-wrap elementor-element-populated\">\n\t\t\t\t\t\t<div class=\"elementor-element elementor-element-4273499 elementor-widget elementor-widget-heading\" data-id=\"4273499\" data-element_type=\"widget\" data-e-type=\"widget\" data-widget_type=\"heading.default\">\n\t\t\t\t<div class=\"elementor-widget-container\">\n\t\t\t\t\t<h3 class=\"elementor-heading-title elementor-size-small\"><a href=\"https:\/\/www.galeriebernardbouche.com\/en\/\">GALERIE BERNARD BOUCHE<\/a><\/h3>\t\t\t\t<\/div>\n\t\t\t\t<\/div>\n\t\t\t\t\t<\/div>\n\t\t<\/div>\n\t\t\t\t<div class=\"elementor-column elementor-col-50 elementor-top-column elementor-element elementor-element-1c8f988\" data-id=\"1c8f988\" data-element_type=\"column\" data-e-type=\"column\" data-settings=\"{&quot;animation_mobile&quot;:&quot;fadeIn&quot;}\">\n\t\t\t<div class=\"elementor-widget-wrap elementor-element-populated\">\n\t\t\t\t\t\t<div class=\"elementor-element elementor-element-47dd083 elementor-widget elementor-widget-ekit-nav-menu\" data-id=\"47dd083\" data-element_type=\"widget\" data-e-type=\"widget\" data-widget_type=\"ekit-nav-menu.default\">\n\t\t\t\t<div class=\"elementor-widget-container\">\n\t\t\t\t\t\t\t<nav class=\"ekit-wid-con ekit_menu_responsive_tablet\"\n\t\t\tdata-hamburger-icon=\"\"\n\t\t\tdata-hamburger-icon-type=\"icon\"\n\t\t\tdata-responsive-breakpoint=\"1024\">\n\t\t\t            <button class=\"elementskit-menu-hamburger elementskit-menu-toggler\"  type=\"button\" aria-label=\"hamburger-icon\">\n                                    <span class=\"elementskit-menu-hamburger-icon\"><\/span><span class=\"elementskit-menu-hamburger-icon\"><\/span><span class=\"elementskit-menu-hamburger-icon\"><\/span>\n                            <\/button>\n            <div id=\"ekit-megamenu-menu-principal\" class=\"elementskit-menu-container elementskit-menu-offcanvas-elements elementskit-navbar-nav-default ekit-nav-menu-one-page-yes ekit-nav-dropdown-hover\"><ul id=\"menu-menu-principal\" class=\"elementskit-navbar-nav elementskit-menu-po-right submenu-click-on-icon\"><li id=\"menu-item-71\" class=\"menu-item menu-item-type-custom menu-item-object-custom menu-item-has-children menu-item-71 nav-item elementskit-dropdown-has relative_position elementskit-dropdown-menu-default_width elementskit-mobile-builder-content\" data-vertical-menu=\"750px\"><a href=\"https:\/\/www.galeriebernardbouche.com\/en\/\" class=\"ekit-menu-nav-link ekit-menu-dropdown-toggle\">EXHIBITIONS<i aria-hidden=\"true\" class=\"icon icon-down-arrow1 elementskit-submenu-indicator\"><\/i><\/a>\n<ul class=\"elementskit-dropdown elementskit-submenu-panel\">\n\t<li id=\"menu-item-917\" class=\"menu-item menu-item-type-post_type menu-item-object-page menu-item-917 nav-item elementskit-mobile-builder-content\" data-vertical-menu=\"750px\"><a href=\"https:\/\/www.galeriebernardbouche.com\/en\/exposition-en-cours\/\" class=\"dropdown-item\">CURRENT EXHIBITION<\/a>\t<li id=\"menu-item-5665\" class=\"menu-item menu-item-type-post_type menu-item-object-page menu-item-5665 nav-item elementskit-mobile-builder-content\" data-vertical-menu=\"750px\"><a href=\"https:\/\/www.galeriebernardbouche.com\/en\/expositions-a-venir\/\" class=\"dropdown-item\">UPCOMING EXHIBITION<\/a>\t<li id=\"menu-item-2629\" class=\"menu-item menu-item-type-post_type menu-item-object-page menu-item-2629 nav-item elementskit-mobile-builder-content\" data-vertical-menu=\"750px\"><a href=\"https:\/\/www.galeriebernardbouche.com\/en\/expositions-passees\/\" class=\"dropdown-item\">PAST EXHIBITIONS<\/a><\/ul>\n<\/li>\n<li id=\"menu-item-2815\" class=\"menu-item menu-item-type-post_type menu-item-object-page menu-item-2815 nav-item elementskit-mobile-builder-content\" data-vertical-menu=\"750px\"><a href=\"https:\/\/www.galeriebernardbouche.com\/en\/artistes\/\" class=\"ekit-menu-nav-link\">ARTISTS<\/a><\/li>\n<li id=\"menu-item-907\" class=\"menu-item menu-item-type-post_type menu-item-object-page menu-item-907 nav-item elementskit-mobile-builder-content\" data-vertical-menu=\"750px\"><a href=\"https:\/\/www.galeriebernardbouche.com\/en\/contact\/\" class=\"ekit-menu-nav-link\">CONTACT<\/a><\/li>\n<li id=\"menu-item-904\" class=\"trp-language-switcher-container menu-item menu-item-type-post_type menu-item-object-language_switcher current-language-menu-item menu-item-904 nav-item elementskit-mobile-builder-content\" data-vertical-menu=\"750px\"><a href=\"https:\/\/www.galeriebernardbouche.com\/en\/wp-json\/wp\/v2\/pages\/2917\" class=\"ekit-menu-nav-link\"><span data-no-translation><span class=\"trp-ls-language-name\">FR<\/span><\/span><\/a><\/li>\n<li id=\"menu-item-903\" class=\"trp-language-switcher-container menu-item menu-item-type-post_type menu-item-object-language_switcher current-language-menu-item menu-item-903 nav-item elementskit-mobile-builder-content\" data-vertical-menu=\"750px\"><a href=\"https:\/\/www.galeriebernardbouche.com\/en\/wp-json\/wp\/v2\/pages\/2917\" class=\"ekit-menu-nav-link\"><span data-no-translation><span class=\"trp-ls-language-name\">EN<\/span><\/span><\/a><\/li>\n<\/ul><div class=\"elementskit-nav-identity-panel\"><button class=\"elementskit-menu-close elementskit-menu-toggler\" type=\"button\">X<\/button><\/div><\/div>\n\t\t\t<div class=\"elementskit-menu-overlay elementskit-menu-offcanvas-elements elementskit-menu-toggler ekit-nav-menu--overlay\"><\/div>        <\/nav>\n\t\t\t\t\t\t<\/div>\n\t\t\t\t<\/div>\n\t\t\t\t\t<\/div>\n\t\t<\/div>\n\t\t\t\t\t<\/div>\n\t\t<\/section>\n\t\t\t\t<section class=\"elementor-section elementor-top-section elementor-element elementor-element-c9447d0 elementor-section-height-min-height elementor-section-full_width elementor-section-height-default elementor-section-items-middle wpr-particle-no wpr-jarallax-no wpr-parallax-no wpr-sticky-section-no wpr-equal-height-no elementor-invisible\" data-id=\"c9447d0\" data-element_type=\"section\" data-e-type=\"section\" data-settings=\"{&quot;animation&quot;:&quot;fadeIn&quot;,&quot;background_background&quot;:&quot;classic&quot;}\">\n\t\t\t\t\t\t<div class=\"elementor-container elementor-column-gap-default\">\n\t\t\t\t\t<div class=\"elementor-column elementor-col-100 elementor-top-column elementor-element elementor-element-be54deb elementor-invisible\" data-id=\"be54deb\" data-element_type=\"column\" data-e-type=\"column\" data-settings=\"{&quot;animation&quot;:&quot;fadeIn&quot;}\">\n\t\t\t<div class=\"elementor-widget-wrap elementor-element-populated\">\n\t\t\t\t\t\t<div class=\"elementor-element elementor-element-280d2ec elementor-widget elementor-widget-heading\" data-id=\"280d2ec\" data-element_type=\"widget\" data-e-type=\"widget\" data-widget_type=\"heading.default\">\n\t\t\t\t<div class=\"elementor-widget-container\">\n\t\t\t\t\t<h2 class=\"elementor-heading-title elementor-size-default\">UPCOMING EXHIBITION<\/h2>\t\t\t\t<\/div>\n\t\t\t\t<\/div>\n\t\t\t\t\t<\/div>\n\t\t<\/div>\n\t\t\t\t\t<\/div>\n\t\t<\/section>\n\t\t\t\t<section class=\"elementor-section elementor-top-section elementor-element elementor-element-9ae58d5 elementor-section-height-min-height animated-slow elementor-section-full_width elementor-section-items-top elementor-reverse-mobile elementor-section-height-default wpr-particle-no wpr-jarallax-no wpr-parallax-no wpr-sticky-section-no wpr-equal-height-no elementor-invisible\" data-id=\"9ae58d5\" data-element_type=\"section\" data-e-type=\"section\" data-settings=\"{&quot;background_background&quot;:&quot;classic&quot;,&quot;animation&quot;:&quot;fadeIn&quot;}\">\n\t\t\t\t\t\t<div class=\"elementor-container elementor-column-gap-default\">\n\t\t\t\t\t<div class=\"elementor-column elementor-col-50 elementor-top-column elementor-element elementor-element-475b694\" data-id=\"475b694\" data-element_type=\"column\" data-e-type=\"column\" data-settings=\"{&quot;background_background&quot;:&quot;classic&quot;}\">\n\t\t\t<div class=\"elementor-widget-wrap elementor-element-populated\">\n\t\t\t\t\t\t<div class=\"elementor-element elementor-element-9611c00 elementor-widget__width-initial elementor-widget-tablet__width-initial elementor-widget-mobile__width-initial elementor-widget elementor-widget-text-editor\" data-id=\"9611c00\" data-element_type=\"widget\" data-e-type=\"widget\" data-widget_type=\"text-editor.default\">\n\t\t\t\t<div class=\"elementor-widget-container\">\n\t\t\t\t\t\t\t\t\t<p>\u00a0<\/p><p><strong>SUSANA SOLANO<br \/><\/strong><em>derniers mots<\/em><strong>\u00a0<\/strong><\/p><p>May 21 \u2013 July 4 2026<\/p><p>La galerie a le plaisir de pr\u00e9senter \u00e0 partir du jeudi 21 mai, ainsi que dans le cadre de Paris gallery week-end du 29 au 31 mai, une exposition personnelle de Susana Solano, intitul\u00e9e <em>derniers mots,<\/em> avec un ensemble de sculptures, principalement r\u00e9centes, dans lesquelles on retrouve son int\u00e9r\u00eat pour l\u2019Afrique.<\/p><p>La sculpture de Susana Solano se r\u00e9sume non seulement \u00e0 la m\u00e9ditation autour d\u2019une forme dans l\u2019espace, \u00e9ternelle pr\u00e9occupation du sculpteur, mais doit \u00eatre aussi habit\u00e9e d\u2019un sentiment, d\u2019une intention, sa sculpture &#8211; le plus souvent en acier inoxydable &#8211; est un voyage dans le temps. Susana Solano produit peu d\u2019\u0153uvres aujourd\u2019hui, car elle consid\u00e8re qu\u2019une \u0153uvre ne peut se dupliquer, doit garder sa r\u00e9sonance et \u00ab\u00a0travaille\u00a0\u00bb avec le temps. D\u2019ailleurs, elle parle de son travail avec une certaine r\u00e9serve et rejette radicalement toute rh\u00e9torique.\u00a0\u00ab\u00a0La v\u00e9rit\u00e9, c\u2019est que l\u2019\u00e9tincelle cr\u00e9atrice jaillit sans que je la force, dans un environnement proche et social, dans mes exp\u00e9riences personnelles, dans la vie quotidienne, dans ce que je sais et ce que j\u2019ignore, dans ce qui me fait mal et ce qui me rend heureuse.\u00a0L\u2019\u0153uvre ne m\u2019appartient plus et cela m\u2019\u00e9merveille, car elle s\u2019appartient \u00e0 elle-m\u00eame. Je n\u2019ai \u00e9t\u00e9 qu\u2019un instrument, peut-\u00eatre une ombre, de la m\u00e9moire collective. Toute tentative d\u2019explication est anecdotique, et la plus grande anecdote serait de la raconter ou de l\u2019\u00e9crire moi-m\u00eame. L\u2019art est autre chose ; c\u2019est l\u00e0 sa gloire, dans un monde de plus en plus rempli de pactes, de normes, de m\u00e9thodes, de bureaucraties, de v\u00e9rit\u00e9s, de raisons\u2026 et de leurs contraires.\u00a0\u00bb<\/p><p>Susana Solano (Barcelone, 1946) est consid\u00e9r\u00e9e comme l\u2019une des artistes les plus importantes de sa g\u00e9n\u00e9ration en Espagne. Elle a re\u00e7u le Prix national des arts visuels d\u2019Espagne en 1988, a particip\u00e9 \u00e0 la documenta de Kassel en 1987 et la m\u00eame ann\u00e9e \u00e0 Skulptur Projekte Munster, puis \u00e0 nouveau en 1992, \u00e0 la Biennale de Venise en 1988 et en 1993. Parmi ses expositions perssonnelles r\u00e9centes, citons <em>Con la mano<\/em> 1979-1980 au CA2M Madrid, <em>El mundo de las cosas<\/em> CNIO Arte 2022 Madrid, <em>Muecas<\/em> MACBA Barcelone 1999, <em>Acta <\/em>IVAM Valence 2019, <em>Acta dos<\/em> Museo Patio Herreriano Valladolid 2019-2020, <em>Anonyme <\/em>Fondation Villa Casas Barcelone 2024.<\/p><p>\u00a0<\/p>\t\t\t\t\t\t\t\t<\/div>\n\t\t\t\t<\/div>\n\t\t\t\t\t<\/div>\n\t\t<\/div>\n\t\t\t\t<div class=\"elementor-column elementor-col-50 elementor-top-column elementor-element elementor-element-a2fe97b\" data-id=\"a2fe97b\" data-element_type=\"column\" data-e-type=\"column\">\n\t\t\t<div class=\"elementor-widget-wrap elementor-element-populated\">\n\t\t\t\t\t\t<div class=\"elementor-element elementor-element-e9adbf9 elementor-widget__width-initial elementor-widget-mobile__width-inherit elementor-widget elementor-widget-image\" data-id=\"e9adbf9\" data-element_type=\"widget\" data-e-type=\"widget\" data-widget_type=\"image.default\">\n\t\t\t\t<div class=\"elementor-widget-container\">\n\t\t\t\t\t\t\t\t\t\t\t\t<figure class=\"wp-caption\">\n\t\t\t\t\t\t\t\t\t\t<img fetchpriority=\"high\" decoding=\"async\" width=\"2560\" height=\"1920\" src=\"https:\/\/www.galeriebernardbouche.com\/wp-content\/uploads\/2026\/05\/2024-CovaCora-\u00a9J.Jarillo-copie-scaled.jpg\" class=\"attachment-full size-full wp-image-5762\" alt=\"\" srcset=\"https:\/\/www.galeriebernardbouche.com\/wp-content\/uploads\/2026\/05\/2024-CovaCora-\u00a9J.Jarillo-copie-scaled.jpg 2560w, https:\/\/www.galeriebernardbouche.com\/wp-content\/uploads\/2026\/05\/2024-CovaCora-\u00a9J.Jarillo-copie-300x225.jpg 300w, https:\/\/www.galeriebernardbouche.com\/wp-content\/uploads\/2026\/05\/2024-CovaCora-\u00a9J.Jarillo-copie-1024x768.jpg 1024w, https:\/\/www.galeriebernardbouche.com\/wp-content\/uploads\/2026\/05\/2024-CovaCora-\u00a9J.Jarillo-copie-768x576.jpg 768w, https:\/\/www.galeriebernardbouche.com\/wp-content\/uploads\/2026\/05\/2024-CovaCora-\u00a9J.Jarillo-copie-1536x1152.jpg 1536w, https:\/\/www.galeriebernardbouche.com\/wp-content\/uploads\/2026\/05\/2024-CovaCora-\u00a9J.Jarillo-copie-2048x1536.jpg 2048w, https:\/\/www.galeriebernardbouche.com\/wp-content\/uploads\/2026\/05\/2024-CovaCora-\u00a9J.Jarillo-copie-16x12.jpg 16w, https:\/\/www.galeriebernardbouche.com\/wp-content\/uploads\/2026\/05\/2024-CovaCora-\u00a9J.Jarillo-copie-1200x900.jpg 1200w\" sizes=\"(max-width: 709px) 85vw, (max-width: 909px) 67vw, (max-width: 1362px) 62vw, 840px\" \/>\t\t\t\t\t\t\t\t\t\t\t<figcaption class=\"widget-image-caption wp-caption-text\">Susana Solano  Cova-Cora   2024.  Acier galvanis\u00e9. 97 x 60 x 0,3 cm<\/figcaption>\n\t\t\t\t\t\t\t\t\t\t<\/figure>\n\t\t\t\t\t\t\t\t\t<\/div>\n\t\t\t\t<\/div>\n\t\t\t\t\t<\/div>\n\t\t<\/div>\n\t\t\t\t\t<\/div>\n\t\t<\/section>\n\t\t\t\t<section class=\"elementor-section elementor-top-section elementor-element elementor-element-7e40b44 elementor-section-height-min-height elementor-section-boxed elementor-section-height-default elementor-section-items-middle wpr-particle-no wpr-jarallax-no wpr-parallax-no wpr-sticky-section-no wpr-equal-height-no\" data-id=\"7e40b44\" data-element_type=\"section\" data-e-type=\"section\" data-settings=\"{&quot;background_background&quot;:&quot;classic&quot;}\">\n\t\t\t\t\t\t<div class=\"elementor-container elementor-column-gap-default\">\n\t\t\t\t\t<div class=\"elementor-column elementor-col-100 elementor-top-column elementor-element elementor-element-74f2903\" data-id=\"74f2903\" data-element_type=\"column\" data-e-type=\"column\">\n\t\t\t<div class=\"elementor-widget-wrap elementor-element-populated\">\n\t\t\t\t\t\t<div class=\"elementor-element elementor-element-9db909e elementor-widget elementor-widget-spacer\" data-id=\"9db909e\" data-element_type=\"widget\" data-e-type=\"widget\" data-widget_type=\"spacer.default\">\n\t\t\t\t<div class=\"elementor-widget-container\">\n\t\t\t\t\t\t\t<div class=\"elementor-spacer\">\n\t\t\t<div class=\"elementor-spacer-inner\"><\/div>\n\t\t<\/div>\n\t\t\t\t\t\t<\/div>\n\t\t\t\t<\/div>\n\t\t\t\t\t<\/div>\n\t\t<\/div>\n\t\t\t\t\t<\/div>\n\t\t<\/section>\n\t\t\t\t<section class=\"elementor-section elementor-top-section elementor-element elementor-element-6f858f3 elementor-section-full_width elementor-section-height-default elementor-section-height-default wpr-particle-no wpr-jarallax-no wpr-parallax-no wpr-sticky-section-no wpr-equal-height-no\" data-id=\"6f858f3\" data-element_type=\"section\" data-e-type=\"section\">\n\t\t\t\t\t\t<div class=\"elementor-container elementor-column-gap-no\">\n\t\t\t\t\t<div class=\"elementor-column elementor-col-100 elementor-top-column elementor-element elementor-element-3d71701\" data-id=\"3d71701\" data-element_type=\"column\" data-e-type=\"column\">\n\t\t\t<div class=\"elementor-widget-wrap elementor-element-populated\">\n\t\t\t\t\t\t<div class=\"elementor-element elementor-element-3721d9b elementor-widget-divider--view-line elementor-widget elementor-widget-divider\" data-id=\"3721d9b\" data-element_type=\"widget\" data-e-type=\"widget\" data-widget_type=\"divider.default\">\n\t\t\t\t<div class=\"elementor-widget-container\">\n\t\t\t\t\t\t\t<div class=\"elementor-divider\">\n\t\t\t<span class=\"elementor-divider-separator\">\n\t\t\t\t\t\t<\/span>\n\t\t<\/div>\n\t\t\t\t\t\t<\/div>\n\t\t\t\t<\/div>\n\t\t\t\t<section class=\"elementor-section elementor-inner-section elementor-element elementor-element-0962059 elementor-section-full_width elementor-section-height-default elementor-section-height-default wpr-particle-no wpr-jarallax-no wpr-parallax-no wpr-sticky-section-no wpr-equal-height-no\" data-id=\"0962059\" data-element_type=\"section\" data-e-type=\"section\">\n\t\t\t\t\t\t<div class=\"elementor-container elementor-column-gap-default\">\n\t\t\t\t\t<div class=\"elementor-column elementor-col-50 elementor-inner-column elementor-element elementor-element-f3d7fc5\" data-id=\"f3d7fc5\" data-element_type=\"column\" data-e-type=\"column\">\n\t\t\t<div class=\"elementor-widget-wrap elementor-element-populated\">\n\t\t\t\t\t\t<div class=\"elementor-element elementor-element-b693670 elementor-widget elementor-widget-text-editor\" data-id=\"b693670\" data-element_type=\"widget\" data-e-type=\"widget\" data-widget_type=\"text-editor.default\">\n\t\t\t\t<div class=\"elementor-widget-container\">\n\t\t\t\t\t\t\t\t\t<p>\u00a92022 All rights reserved Galerie Bernard Bouche<br \/><a href=\"https:\/\/www.galeriebernardbouche.com\/en\/mentions-legales\/\">Legal mentions<\/a> &#8211; <a href=\"https:\/\/www.galeriebernardbouche.com\/en\/politique-de-confidentialite\/\">Politique de confidentialit\u00e9<\/a><\/p>\t\t\t\t\t\t\t\t<\/div>\n\t\t\t\t<\/div>\n\t\t\t\t\t<\/div>\n\t\t<\/div>\n\t\t\t\t<div class=\"elementor-column elementor-col-50 elementor-inner-column elementor-element elementor-element-1558e1a\" data-id=\"1558e1a\" data-element_type=\"column\" data-e-type=\"column\">\n\t\t\t<div class=\"elementor-widget-wrap elementor-element-populated\">\n\t\t\t\t\t\t<div class=\"elementor-element elementor-element-034d691 elementor-view-default elementor-widget elementor-widget-icon\" data-id=\"034d691\" data-element_type=\"widget\" data-e-type=\"widget\" data-widget_type=\"icon.default\">\n\t\t\t\t<div class=\"elementor-widget-container\">\n\t\t\t\t\t\t\t<div class=\"elementor-icon-wrapper\">\n\t\t\t<a class=\"elementor-icon\" href=\"https:\/\/www.instagram.com\/galeriebernardbouche\/?hl=fr\">\n\t\t\t<i aria-hidden=\"true\" class=\"fab fa-instagram\"><\/i>\t\t\t<\/a>\n\t\t<\/div>\n\t\t\t\t\t\t<\/div>\n\t\t\t\t<\/div>\n\t\t\t\t\t<\/div>\n\t\t<\/div>\n\t\t\t\t\t<\/div>\n\t\t<\/section>\n\t\t\t\t\t<\/div>\n\t\t<\/div>\n\t\t\t\t\t<\/div>\n\t\t<\/section>\n\t\t\t\t<\/div>","protected":false},"excerpt":{"rendered":"<p>GALERIE BERNARD BOUCHE Expositions EXPOSITION EN COURS EXPOSITIONS \u00c0 VENIR EXPOSITIONS PASS\u00c9ES ARTISTES CONTACT FR EN X EXPOSITIONS \u00c0 VENIR \u00a0 SUSANA SOLANOderniers mots\u00a0 21 mai &#8211; 4 juillet 2026 La galerie a le plaisir de pr\u00e9senter \u00e0 partir du jeudi 21 mai, ainsi que dans le cadre de Paris gallery week-end du 29 au 31 mai, une exposition personnelle de Susana Solano, intitul\u00e9e derniers mots, avec un ensemble de sculptures, principalement r\u00e9centes, dans lesquelles on retrouve son int\u00e9r\u00eat pour l\u2019Afrique. La sculpture de Susana Solano se r\u00e9sume non seulement \u00e0 la m\u00e9ditation autour d\u2019une forme dans l\u2019espace, \u00e9ternelle pr\u00e9occupation du sculpteur, mais doit \u00eatre aussi habit\u00e9e d\u2019un sentiment, d\u2019une intention, sa sculpture &#8211; le plus souvent en acier inoxydable &#8211; est un voyage dans le temps. Susana Solano produit peu d\u2019\u0153uvres aujourd\u2019hui, car elle consid\u00e8re qu\u2019une \u0153uvre ne peut se dupliquer, doit garder sa r\u00e9sonance et \u00ab\u00a0travaille\u00a0\u00bb avec le temps. D\u2019ailleurs, elle parle de son travail avec une certaine r\u00e9serve et rejette radicalement toute rh\u00e9torique.\u00a0\u00ab\u00a0La v\u00e9rit\u00e9, c\u2019est que l\u2019\u00e9tincelle cr\u00e9atrice jaillit sans que je la force, dans un environnement proche et social, dans mes exp\u00e9riences personnelles, dans la vie quotidienne, dans ce que je sais et ce que j\u2019ignore, dans ce qui me fait mal et ce qui me rend heureuse.\u00a0L\u2019\u0153uvre ne m\u2019appartient plus et cela m\u2019\u00e9merveille, car elle s\u2019appartient \u00e0 elle-m\u00eame. Je n\u2019ai \u00e9t\u00e9 qu\u2019un instrument, peut-\u00eatre une ombre, de la m\u00e9moire collective. Toute tentative d\u2019explication est anecdotique, et la plus grande anecdote serait de la raconter ou de l\u2019\u00e9crire moi-m\u00eame. L\u2019art est autre chose ; c\u2019est l\u00e0 sa gloire, dans un monde de plus en plus rempli de pactes, de normes, de m\u00e9thodes, de bureaucraties, de v\u00e9rit\u00e9s, de raisons\u2026 et de leurs contraires.\u00a0\u00bb Susana Solano (Barcelone, 1946) est consid\u00e9r\u00e9e comme l\u2019une des artistes les plus importantes de sa g\u00e9n\u00e9ration en Espagne. Elle a re\u00e7u le Prix national des arts visuels d\u2019Espagne en 1988, a particip\u00e9 \u00e0 la documenta de Kassel en 1987 et la m\u00eame ann\u00e9e \u00e0 Skulptur Projekte Munster, puis \u00e0 nouveau en 1992, \u00e0 la Biennale de Venise en 1988 et en 1993. Parmi ses expositions perssonnelles r\u00e9centes, citons Con la mano 1979-1980 au CA2M Madrid, El mundo de las cosas CNIO Arte 2022 Madrid, Muecas MACBA Barcelone 1999, Acta IVAM Valence 2019, Acta dos Museo Patio Herreriano Valladolid 2019-2020, Anonyme Fondation Villa Casas Barcelone 2024. \u00a0 Susana Solano Cova-Cora 2024. Acier galvanis\u00e9. 97 x 60 x 0,3 cm \u00a92022 All rights reserved Galerie Bernard BoucheMentions l\u00e9gales &#8211; Politique de confidentialit\u00e9<\/p>","protected":false},"author":1,"featured_media":0,"parent":0,"menu_order":16,"comment_status":"closed","ping_status":"closed","template":"elementor_canvas","meta":{"footnotes":""},"class_list":["post-2917","page","type-page","status-publish","hentry"],"_links":{"self":[{"href":"https:\/\/www.galeriebernardbouche.com\/en\/wp-json\/wp\/v2\/pages\/2917","targetHints":{"allow":["GET"]}}],"collection":[{"href":"https:\/\/www.galeriebernardbouche.com\/en\/wp-json\/wp\/v2\/pages"}],"about":[{"href":"https:\/\/www.galeriebernardbouche.com\/en\/wp-json\/wp\/v2\/types\/page"}],"author":[{"embeddable":true,"href":"https:\/\/www.galeriebernardbouche.com\/en\/wp-json\/wp\/v2\/users\/1"}],"replies":[{"embeddable":true,"href":"https:\/\/www.galeriebernardbouche.com\/en\/wp-json\/wp\/v2\/comments?post=2917"}],"version-history":[{"count":605,"href":"https:\/\/www.galeriebernardbouche.com\/en\/wp-json\/wp\/v2\/pages\/2917\/revisions"}],"predecessor-version":[{"id":5768,"href":"https:\/\/www.galeriebernardbouche.com\/en\/wp-json\/wp\/v2\/pages\/2917\/revisions\/5768"}],"wp:attachment":[{"href":"https:\/\/www.galeriebernardbouche.com\/en\/wp-json\/wp\/v2\/media?parent=2917"}],"curies":[{"name":"wp","href":"https:\/\/api.w.org\/{rel}","templated":true}]}}