{"id":4405,"date":"2024-11-26T12:02:04","date_gmt":"2024-11-26T11:02:04","guid":{"rendered":"https:\/\/www.galeriebernardbouche.com\/?page_id=4405"},"modified":"2025-03-22T18:23:17","modified_gmt":"2025-03-22T17:23:17","slug":"peter-joseph-7-novembre","status":"publish","type":"page","link":"https:\/\/www.galeriebernardbouche.com\/en\/peter-joseph-7-novembre\/","title":{"rendered":"Peter Joseph 7 novembre"},"content":{"rendered":"<div data-elementor-type=\"wp-post\" data-elementor-id=\"4405\" class=\"elementor elementor-4405\">\n\t\t\t\t\t\t<section class=\"elementor-section elementor-top-section elementor-element elementor-element-965c2cf elementor-section-content-middle elementor-section-full_width elementor-section-height-min-height elementor-section-height-default elementor-section-items-middle wpr-particle-no wpr-jarallax-no wpr-parallax-no wpr-equal-height-no\" data-id=\"965c2cf\" data-element_type=\"section\" data-e-type=\"section\" data-settings=\"{&quot;background_background&quot;:&quot;classic&quot;,&quot;animation_tablet&quot;:&quot;fadeIn&quot;}\">\n\t\t\t\t\t\t<div class=\"elementor-container elementor-column-gap-default\">\n\t\t\t\t\t<div class=\"elementor-column elementor-col-50 elementor-top-column elementor-element elementor-element-1d3f8ad\" data-id=\"1d3f8ad\" data-element_type=\"column\" data-e-type=\"column\">\n\t\t\t<div class=\"elementor-widget-wrap elementor-element-populated\">\n\t\t\t\t\t\t<div class=\"elementor-element elementor-element-4273499 elementor-widget elementor-widget-heading\" data-id=\"4273499\" data-element_type=\"widget\" data-e-type=\"widget\" data-widget_type=\"heading.default\">\n\t\t\t\t<div class=\"elementor-widget-container\">\n\t\t\t\t\t<h3 class=\"elementor-heading-title elementor-size-small\"><a href=\"https:\/\/www.galeriebernardbouche.com\/en\/\">GALERIE BERNARD BOUCHE<\/a><\/h3>\t\t\t\t<\/div>\n\t\t\t\t<\/div>\n\t\t\t\t\t<\/div>\n\t\t<\/div>\n\t\t\t\t<div class=\"elementor-column elementor-col-50 elementor-top-column elementor-element elementor-element-1c8f988\" data-id=\"1c8f988\" data-element_type=\"column\" data-e-type=\"column\" data-settings=\"{&quot;animation_mobile&quot;:&quot;fadeIn&quot;}\">\n\t\t\t<div class=\"elementor-widget-wrap elementor-element-populated\">\n\t\t\t\t\t\t<div class=\"elementor-element elementor-element-47dd083 elementor-widget elementor-widget-ekit-nav-menu\" data-id=\"47dd083\" data-element_type=\"widget\" data-e-type=\"widget\" data-widget_type=\"ekit-nav-menu.default\">\n\t\t\t\t<div class=\"elementor-widget-container\">\n\t\t\t\t\t\t\t<nav class=\"ekit-wid-con ekit_menu_responsive_tablet\"\n\t\t\tdata-hamburger-icon=\"\"\n\t\t\tdata-hamburger-icon-type=\"icon\"\n\t\t\tdata-responsive-breakpoint=\"1024\">\n\t\t\t            <button class=\"elementskit-menu-hamburger elementskit-menu-toggler\"  type=\"button\" aria-label=\"hamburger-icon\">\n                                    <span class=\"elementskit-menu-hamburger-icon\"><\/span><span class=\"elementskit-menu-hamburger-icon\"><\/span><span class=\"elementskit-menu-hamburger-icon\"><\/span>\n                            <\/button>\n            <div id=\"ekit-megamenu-menu-principal\" class=\"elementskit-menu-container elementskit-menu-offcanvas-elements elementskit-navbar-nav-default ekit-nav-menu-one-page-yes ekit-nav-dropdown-hover\"><ul id=\"menu-menu-principal\" class=\"elementskit-navbar-nav elementskit-menu-po-right submenu-click-on-icon\"><li id=\"menu-item-71\" class=\"menu-item menu-item-type-custom menu-item-object-custom menu-item-has-children menu-item-71 nav-item elementskit-dropdown-has relative_position elementskit-dropdown-menu-default_width elementskit-mobile-builder-content\" data-vertical-menu=\"750px\"><a href=\"https:\/\/www.galeriebernardbouche.com\/en\/\" class=\"ekit-menu-nav-link ekit-menu-dropdown-toggle\">EXHIBITIONS<i aria-hidden=\"true\" class=\"icon icon-down-arrow1 elementskit-submenu-indicator\"><\/i><\/a>\n<ul class=\"elementskit-dropdown elementskit-submenu-panel\">\n\t<li id=\"menu-item-917\" class=\"menu-item menu-item-type-post_type menu-item-object-page menu-item-917 nav-item elementskit-mobile-builder-content\" data-vertical-menu=\"750px\"><a href=\"https:\/\/www.galeriebernardbouche.com\/en\/exposition-en-cours\/\" class=\"dropdown-item\">CURRENT EXHIBITION<\/a>\t<li id=\"menu-item-5665\" class=\"menu-item menu-item-type-post_type menu-item-object-page menu-item-5665 nav-item elementskit-mobile-builder-content\" data-vertical-menu=\"750px\"><a href=\"https:\/\/www.galeriebernardbouche.com\/en\/expositions-a-venir\/\" class=\"dropdown-item\">UPCOMING EXHIBITION<\/a>\t<li id=\"menu-item-2629\" class=\"menu-item menu-item-type-post_type menu-item-object-page menu-item-2629 nav-item elementskit-mobile-builder-content\" data-vertical-menu=\"750px\"><a href=\"https:\/\/www.galeriebernardbouche.com\/en\/expositions-passees\/\" class=\"dropdown-item\">PAST EXHIBITIONS<\/a><\/ul>\n<\/li>\n<li id=\"menu-item-2815\" class=\"menu-item menu-item-type-post_type menu-item-object-page menu-item-2815 nav-item elementskit-mobile-builder-content\" data-vertical-menu=\"750px\"><a href=\"https:\/\/www.galeriebernardbouche.com\/en\/artistes\/\" class=\"ekit-menu-nav-link\">ARTISTS<\/a><\/li>\n<li id=\"menu-item-907\" class=\"menu-item menu-item-type-post_type menu-item-object-page menu-item-907 nav-item elementskit-mobile-builder-content\" data-vertical-menu=\"750px\"><a href=\"https:\/\/www.galeriebernardbouche.com\/en\/contact\/\" class=\"ekit-menu-nav-link\">CONTACT<\/a><\/li>\n<li id=\"menu-item-904\" class=\"trp-language-switcher-container menu-item menu-item-type-post_type menu-item-object-language_switcher current-language-menu-item menu-item-904 nav-item elementskit-mobile-builder-content\" data-vertical-menu=\"750px\"><a href=\"https:\/\/www.galeriebernardbouche.com\/en\/wp-json\/wp\/v2\/pages\/4405\" class=\"ekit-menu-nav-link\"><span data-no-translation><span class=\"trp-ls-language-name\">FR<\/span><\/span><\/a><\/li>\n<li id=\"menu-item-903\" class=\"trp-language-switcher-container menu-item menu-item-type-post_type menu-item-object-language_switcher current-language-menu-item menu-item-903 nav-item elementskit-mobile-builder-content\" data-vertical-menu=\"750px\"><a href=\"https:\/\/www.galeriebernardbouche.com\/en\/wp-json\/wp\/v2\/pages\/4405\" class=\"ekit-menu-nav-link\"><span data-no-translation><span class=\"trp-ls-language-name\">EN<\/span><\/span><\/a><\/li>\n<\/ul><div class=\"elementskit-nav-identity-panel\"><button class=\"elementskit-menu-close elementskit-menu-toggler\" type=\"button\">X<\/button><\/div><\/div>\n\t\t\t<div class=\"elementskit-menu-overlay elementskit-menu-offcanvas-elements elementskit-menu-toggler ekit-nav-menu--overlay\"><\/div>        <\/nav>\n\t\t\t\t\t\t<\/div>\n\t\t\t\t<\/div>\n\t\t\t\t\t<\/div>\n\t\t<\/div>\n\t\t\t\t\t<\/div>\n\t\t<\/section>\n\t\t\t\t<section class=\"elementor-section elementor-top-section elementor-element elementor-element-c9447d0 elementor-section-height-min-height elementor-section-full_width elementor-section-height-default elementor-section-items-middle wpr-particle-no wpr-jarallax-no wpr-parallax-no wpr-sticky-section-no wpr-equal-height-no elementor-invisible\" data-id=\"c9447d0\" data-element_type=\"section\" data-e-type=\"section\" data-settings=\"{&quot;animation&quot;:&quot;fadeIn&quot;,&quot;background_background&quot;:&quot;classic&quot;}\">\n\t\t\t\t\t\t<div class=\"elementor-container elementor-column-gap-default\">\n\t\t\t\t\t<div class=\"elementor-column elementor-col-100 elementor-top-column elementor-element elementor-element-be54deb elementor-invisible\" data-id=\"be54deb\" data-element_type=\"column\" data-e-type=\"column\" data-settings=\"{&quot;animation&quot;:&quot;fadeIn&quot;}\">\n\t\t\t<div class=\"elementor-widget-wrap elementor-element-populated\">\n\t\t\t\t\t\t<div class=\"elementor-element elementor-element-280d2ec elementor-widget elementor-widget-heading\" data-id=\"280d2ec\" data-element_type=\"widget\" data-e-type=\"widget\" data-widget_type=\"heading.default\">\n\t\t\t\t<div class=\"elementor-widget-container\">\n\t\t\t\t\t<h2 class=\"elementor-heading-title elementor-size-default\">PAST EXHIBITIONS<\/h2>\t\t\t\t<\/div>\n\t\t\t\t<\/div>\n\t\t\t\t\t<\/div>\n\t\t<\/div>\n\t\t\t\t\t<\/div>\n\t\t<\/section>\n\t\t\t\t<section class=\"elementor-section elementor-top-section elementor-element elementor-element-56a9a79 elementor-section-height-min-height animated-slow elementor-section-full_width elementor-section-items-top elementor-reverse-mobile elementor-section-height-default wpr-particle-no wpr-jarallax-no wpr-parallax-no wpr-sticky-section-no wpr-equal-height-no elementor-invisible\" data-id=\"56a9a79\" data-element_type=\"section\" data-e-type=\"section\" data-settings=\"{&quot;background_background&quot;:&quot;classic&quot;,&quot;animation&quot;:&quot;fadeIn&quot;}\">\n\t\t\t\t\t\t<div class=\"elementor-container elementor-column-gap-default\">\n\t\t\t\t\t<div class=\"elementor-column elementor-col-50 elementor-top-column elementor-element elementor-element-ce878e5\" data-id=\"ce878e5\" data-element_type=\"column\" data-e-type=\"column\">\n\t\t\t<div class=\"elementor-widget-wrap elementor-element-populated\">\n\t\t\t\t\t\t<div class=\"elementor-element elementor-element-6868fd3 elementor-widget__width-initial elementor-widget-mobile__width-initial elementor-widget elementor-widget-text-editor\" data-id=\"6868fd3\" data-element_type=\"widget\" data-e-type=\"widget\" data-widget_type=\"text-editor.default\">\n\t\t\t\t<div class=\"elementor-widget-container\">\n\t\t\t\t\t\t\t\t\t<p>\u00a0<\/p><p>PETER JOSEPH<\/p><p>September 19 - November 7, 2024<\/p><p>\u00a0<\/p><div class=\"\"><p>The  gallery is pleased to present from Thrusday 19th September an exhibition of Peter Joseph, the fourth  organised by the gallery.<\/p><p>Peter Joseph (London 1929 - Stroud 2020) became known in the 1970s for his painting of simple, literally symmetrical shapes in a carefully considered colour palette, usually of two colours. Those colours set a rectangle within a frame of a darker shade,  in a seemingly perfect symmetry, where colour and proportion may be seen as an expression of time, mood or place. From 2005 onwards, his format evolved away from its established architecture into canvas in two parts, divided horizontally or vertically.<\/p><p>Precisely from this series, the gallery will be presenting two important works from the artist :\u00a0 <em>Dim blue with Grey blue <\/em>of 2006 and <em>Grey &amp; Blue<\/em> from 2008, along with a rare set of <em>studies <\/em>from 2006 to 2019 in which we immediately think of Peter Joseph affinity with the sky and landscape from his studio. There is now a freedom in the composition, the brushstroke becomes both dynamic and supple, leaving unpainted areas in many places, creating a new space.\u00a0<\/p><p>\" <em>Painting is not just colour. It's light and air that I try to put on the canvas, shadow and light...  I try to paint the atmosphere, to paint light itself. <\/em>\u00bb.<\/p><p>Peter Joseph's work can be found in many international public collections, including the Tate Gallery in London, Kunsthaus Zurich, Stedelijk Museum Amsterdam, Walker Art Gallery Minneapolis, Fogg Art Museum Philadelphia, Solomon R. Guggenheim Museum New York. His most important solo exhibitions include those at the Hayward Gallery in London, the Museum of Contemporary Art in Chicago and the Museum of Modern Art in Oxford.<\/p><\/div>\t\t\t\t\t\t\t\t<\/div>\n\t\t\t\t<\/div>\n\t\t\t\t\t<\/div>\n\t\t<\/div>\n\t\t\t\t<div class=\"elementor-column elementor-col-50 elementor-top-column elementor-element elementor-element-61862cf\" data-id=\"61862cf\" data-element_type=\"column\" data-e-type=\"column\">\n\t\t\t<div class=\"elementor-widget-wrap elementor-element-populated\">\n\t\t\t\t\t\t\t<\/div>\n\t\t<\/div>\n\t\t\t\t\t<\/div>\n\t\t<\/section>\n\t\t\t\t<section class=\"elementor-section elementor-top-section elementor-element elementor-element-8ee7023 elementor-section-height-min-height elementor-section-boxed elementor-section-height-default elementor-section-items-middle wpr-particle-no wpr-jarallax-no wpr-parallax-no wpr-sticky-section-no wpr-equal-height-no\" data-id=\"8ee7023\" data-element_type=\"section\" data-e-type=\"section\" data-settings=\"{&quot;background_background&quot;:&quot;classic&quot;}\">\n\t\t\t\t\t\t<div class=\"elementor-container elementor-column-gap-default\">\n\t\t\t\t\t<div class=\"elementor-column elementor-col-100 elementor-top-column elementor-element elementor-element-7175b18\" data-id=\"7175b18\" data-element_type=\"column\" data-e-type=\"column\">\n\t\t\t<div class=\"elementor-widget-wrap elementor-element-populated\">\n\t\t\t\t\t\t<div class=\"elementor-element elementor-element-f8ea776 elementor-widget elementor-widget-spacer\" data-id=\"f8ea776\" data-element_type=\"widget\" data-e-type=\"widget\" data-widget_type=\"spacer.default\">\n\t\t\t\t<div class=\"elementor-widget-container\">\n\t\t\t\t\t\t\t<div class=\"elementor-spacer\">\n\t\t\t<div class=\"elementor-spacer-inner\"><\/div>\n\t\t<\/div>\n\t\t\t\t\t\t<\/div>\n\t\t\t\t<\/div>\n\t\t\t\t\t<\/div>\n\t\t<\/div>\n\t\t\t\t\t<\/div>\n\t\t<\/section>\n\t\t\t\t<section class=\"elementor-section elementor-top-section elementor-element elementor-element-8f8d2a4 elementor-section-full_width elementor-section-height-default elementor-section-height-default wpr-particle-no wpr-jarallax-no wpr-parallax-no wpr-sticky-section-no wpr-equal-height-no\" data-id=\"8f8d2a4\" data-element_type=\"section\" data-e-type=\"section\">\n\t\t\t\t\t\t<div class=\"elementor-container elementor-column-gap-no\">\n\t\t\t\t\t<div class=\"elementor-column elementor-col-100 elementor-top-column elementor-element elementor-element-5c6895a\" data-id=\"5c6895a\" data-element_type=\"column\" data-e-type=\"column\">\n\t\t\t<div class=\"elementor-widget-wrap elementor-element-populated\">\n\t\t\t\t\t\t<div class=\"elementor-element elementor-element-d33d598 elementor-widget-divider--view-line elementor-widget elementor-widget-divider\" data-id=\"d33d598\" data-element_type=\"widget\" data-e-type=\"widget\" data-widget_type=\"divider.default\">\n\t\t\t\t<div class=\"elementor-widget-container\">\n\t\t\t\t\t\t\t<div class=\"elementor-divider\">\n\t\t\t<span class=\"elementor-divider-separator\">\n\t\t\t\t\t\t<\/span>\n\t\t<\/div>\n\t\t\t\t\t\t<\/div>\n\t\t\t\t<\/div>\n\t\t\t\t<section class=\"elementor-section elementor-inner-section elementor-element elementor-element-e759a1f elementor-section-full_width elementor-section-height-default elementor-section-height-default wpr-particle-no wpr-jarallax-no wpr-parallax-no wpr-sticky-section-no wpr-equal-height-no\" data-id=\"e759a1f\" data-element_type=\"section\" data-e-type=\"section\">\n\t\t\t\t\t\t<div class=\"elementor-container elementor-column-gap-default\">\n\t\t\t\t\t<div class=\"elementor-column elementor-col-50 elementor-inner-column elementor-element elementor-element-46f22dc\" data-id=\"46f22dc\" data-element_type=\"column\" data-e-type=\"column\">\n\t\t\t<div class=\"elementor-widget-wrap elementor-element-populated\">\n\t\t\t\t\t\t<div class=\"elementor-element elementor-element-c70f00c elementor-widget elementor-widget-text-editor\" data-id=\"c70f00c\" data-element_type=\"widget\" data-e-type=\"widget\" data-widget_type=\"text-editor.default\">\n\t\t\t\t<div class=\"elementor-widget-container\">\n\t\t\t\t\t\t\t\t\t<p>\u00a92022 All rights reserved Galerie Bernard Bouche<br \/><a href=\"https:\/\/www.galeriebernardbouche.com\/en\/mentions-legales\/\">Legal mentions<\/a> &#8211; <a href=\"https:\/\/www.galeriebernardbouche.com\/en\/politique-de-confidentialite\/\">Politique de confidentialit\u00e9<\/a><\/p>\t\t\t\t\t\t\t\t<\/div>\n\t\t\t\t<\/div>\n\t\t\t\t\t<\/div>\n\t\t<\/div>\n\t\t\t\t<div class=\"elementor-column elementor-col-50 elementor-inner-column elementor-element elementor-element-ef3c3ad\" data-id=\"ef3c3ad\" data-element_type=\"column\" data-e-type=\"column\">\n\t\t\t<div class=\"elementor-widget-wrap elementor-element-populated\">\n\t\t\t\t\t\t<div class=\"elementor-element elementor-element-5b736ee elementor-view-default elementor-widget elementor-widget-icon\" data-id=\"5b736ee\" data-element_type=\"widget\" data-e-type=\"widget\" data-widget_type=\"icon.default\">\n\t\t\t\t<div class=\"elementor-widget-container\">\n\t\t\t\t\t\t\t<div class=\"elementor-icon-wrapper\">\n\t\t\t<a class=\"elementor-icon\" href=\"https:\/\/www.instagram.com\/galeriebernardbouche\/?hl=fr\">\n\t\t\t<i aria-hidden=\"true\" class=\"fab fa-instagram\"><\/i>\t\t\t<\/a>\n\t\t<\/div>\n\t\t\t\t\t\t<\/div>\n\t\t\t\t<\/div>\n\t\t\t\t\t<\/div>\n\t\t<\/div>\n\t\t\t\t\t<\/div>\n\t\t<\/section>\n\t\t\t\t\t<\/div>\n\t\t<\/div>\n\t\t\t\t\t<\/div>\n\t\t<\/section>\n\t\t\t\t<\/div>","protected":false},"excerpt":{"rendered":"<p>GALERIE BERNARD BOUCHE Expositions EXPOSITION EN COURS EXPOSITIONS PASS\u00c9ES EXPOSITIONS \u00c0 VENIR ARTISTES CONTACT FR EN X EXPOSITIONS PASS\u00c9ES \u00a0 PETER JOSEPH 19 septembre &#8211; 7 novembre 2024 \u00a0 La galerie a le plaisir de pr\u00e9senter \u00e0 partir du jeudi 19 septembre une exposition de Peter Joseph, la quatri\u00e8me que la galerie organise. Peter Joseph (Londres 1929 &#8211; Stroud 2020) a \u00e9t\u00e9 reconnu dans les ann\u00e9es 70 pour ses peintures de formes simples et formellement sym\u00e9triques dans une palette de couleurs soigneusement \u00e9tudi\u00e9e, le plus souvent \u00e0 deux couleurs, qui placent un rectangle dans un cadre d&rsquo;une nuance plus sombre et dans une sym\u00e9trie apparemment parfaite, o\u00f9 la couleur et la proportion peuvent \u00eatre per\u00e7ues comme une expression du temps, d&rsquo;humeur ou de lieu. Puis, \u00e0 partir de 2005, son format s&rsquo;est \u00e9loign\u00e9 de cette architecture \u00e9tablie pour diviser la toile en deux plans, horizontalement ou verticalement. La galerie pr\u00e9sentera notamment deux \u0153uvres importantes de l&rsquo;artiste pr\u00e9cis\u00e9ment de cette s\u00e9rie:\u00a0 Dim blue with Grey blue de 2006 et Grey &amp; Blue de 2008, accompagn\u00e9es d&rsquo;un rare ensemble de studies de 2006 \u00e0 2019 dans lesquelles l&rsquo;on pense imm\u00e9diatement \u00e0 cette affinit\u00e9 que Peter Joseph entretient avec le ciel et le paysage depuis son atelier. Il y a d\u00e9sormais une libert\u00e9 dans la composition, o\u00f9 la touche devient \u00e0 la fois dynamique et souple, laissant en de nombreux endroits des zones non peintes, cr\u00e9ant ainsi un nouvel espace.\u00a0 \u00ab La peinture n\u2019est pas juste de la couleur. C\u2019est de la lumi\u00e8re et de l\u2019air que j\u2019essaie de poser sur la toile, de l\u2019ombre et de la lumi\u00e8re&#8230;\u00a0 Je tente de peindre l\u2019atmosph\u00e8re, de peindre la lumi\u00e8re elle-m\u00eame \u00bb. On retrouve les \u0153uvres de Peter Joseph dans de nombreuses collections publiques internationales, dont la Tate Gallery \u00e0 Londres, Kunsthaus Zurich , Stedelijk Museum Amsterdam, Walker Art Gallery Minneapolis, Fogg Art Museum Philadelphia, Solomon R. Guggenheim Museum New York. Parmi ses expositions personnelles les plus importantes figurent celles pr\u00e9sent\u00e9es \u00e0 la Hayward Gallery \u00e0 Londres, au Museum of Contemporary Art de Chicago ainsi qu&rsquo;au Museum of Modern Art d\u2019Oxford. \u00a92022 All rights reserved Galerie Bernard BoucheMentions l\u00e9gales &#8211; Politique de confidentialit\u00e9<\/p>","protected":false},"author":1,"featured_media":0,"parent":0,"menu_order":10,"comment_status":"closed","ping_status":"closed","template":"elementor_canvas","meta":{"footnotes":""},"class_list":["post-4405","page","type-page","status-publish","hentry"],"_links":{"self":[{"href":"https:\/\/www.galeriebernardbouche.com\/en\/wp-json\/wp\/v2\/pages\/4405","targetHints":{"allow":["GET"]}}],"collection":[{"href":"https:\/\/www.galeriebernardbouche.com\/en\/wp-json\/wp\/v2\/pages"}],"about":[{"href":"https:\/\/www.galeriebernardbouche.com\/en\/wp-json\/wp\/v2\/types\/page"}],"author":[{"embeddable":true,"href":"https:\/\/www.galeriebernardbouche.com\/en\/wp-json\/wp\/v2\/users\/1"}],"replies":[{"embeddable":true,"href":"https:\/\/www.galeriebernardbouche.com\/en\/wp-json\/wp\/v2\/comments?post=4405"}],"version-history":[{"count":4,"href":"https:\/\/www.galeriebernardbouche.com\/en\/wp-json\/wp\/v2\/pages\/4405\/revisions"}],"predecessor-version":[{"id":4413,"href":"https:\/\/www.galeriebernardbouche.com\/en\/wp-json\/wp\/v2\/pages\/4405\/revisions\/4413"}],"wp:attachment":[{"href":"https:\/\/www.galeriebernardbouche.com\/en\/wp-json\/wp\/v2\/media?parent=4405"}],"curies":[{"name":"wp","href":"https:\/\/api.w.org\/{rel}","templated":true}]}}